{"id":3368,"date":"2023-05-30T08:14:36","date_gmt":"2023-05-30T06:14:36","guid":{"rendered":"https:\/\/omnistaff.se\/takk-skal-du-ha\/"},"modified":"2024-01-24T18:57:28","modified_gmt":"2024-01-24T17:57:28","slug":"takk-skal-du-ha","status":"publish","type":"page","link":"https:\/\/omnistaff.se\/no\/takk-skal-du-ha\/","title":{"rendered":"Takk skal du ha"},"content":{"rendered":"<p>[et_pb_section fb_built=&raquo;1&#8243; _builder_version=&raquo;4.21.0&#8243; _module_preset=&raquo;default&raquo; background_image=&raquo;https:\/\/omnistaff.se\/wp-content\/uploads\/2023\/05\/lthr_back.jpg&raquo; parallax=&raquo;on&raquo; parallax_method=&raquo;off&raquo; global_colors_info=&raquo;{}&raquo;][et_pb_row _builder_version=&raquo;4.21.0&#8243; _module_preset=&raquo;default&raquo; background_color=&raquo;#FFFFFF&raquo; max_width=&raquo;1600px&raquo; module_alignment=&raquo;center&raquo; custom_padding=&raquo;100px|50px|100px|50px|true|true&raquo; animation_style=&raquo;flip&raquo; box_shadow_style=&raquo;preset3&#8243; global_colors_info=&raquo;{}&raquo;][et_pb_column type=&raquo;4_4&#8243; _builder_version=&raquo;4.21.0&#8243; _module_preset=&raquo;default&raquo; global_colors_info=&raquo;{}&raquo;][et_pb_text _builder_version=&raquo;4.21.0&#8243; _module_preset=&raquo;default&raquo; text_font_size=&raquo;20px&raquo; header_font=&raquo;Cormorant Garamond||||||||&raquo; header_font_size=&raquo;50px&raquo; header_line_height=&raquo;1.7em&raquo; text_orientation=&raquo;center&raquo; header_font_size_tablet=&raquo;50px&raquo; header_font_size_phone=&raquo;35px&raquo; header_font_size_last_edited=&raquo;on|phone&raquo; header_line_height_tablet=&raquo;1.7em&raquo; header_line_height_phone=&raquo;1.5em&raquo; header_line_height_last_edited=&raquo;on|tablet&raquo; global_colors_info=&raquo;{}&raquo;]<\/p>\n<h1><strong>Takk for meldingen!<\/strong><\/h1>\n<p><b><\/b><\/p>\n<p><b>Vi vil svare deg innen kort tid!<\/b><a href=\"mailto:charlotta@omnistaff.se\"><\/a><\/p>\n<p>[\/et_pb_text][\/et_pb_column][\/et_pb_row][\/et_pb_section]<\/p>\n","protected":false},"excerpt":{"rendered":"<p>Takk for meldingen! Vi vil svare deg innen kort tid!<\/p>\n","protected":false},"author":2,"featured_media":0,"parent":0,"menu_order":0,"comment_status":"closed","ping_status":"closed","template":"","meta":{"_et_pb_use_builder":"on","_et_pb_old_content":"","_et_gb_content_width":"","footnotes":""},"difl_page_category":[],"class_list":["post-3368","page","type-page","status-publish","hentry"],"yoast_head":"<!-- This site is optimized with the Yoast SEO plugin v27.4 - https:\/\/yoast.com\/product\/yoast-seo-wordpress\/ -->\n<title>Takk for at du tok kontakt med oss i OMNISTAFF.<\/title>\n<meta name=\"description\" content=\"OMNISTAFF - kompetanseselskap med 3 forretningsomr\u00e5der, 6 bransjesegmenter, 14 kompetanseomr\u00e5der i 4 nordiske land. Vi hjelper deg med \u00e5 finne riktig kompetanse. Vi snakkes snart!\" \/>\n<meta name=\"robots\" content=\"index, follow, max-snippet:-1, max-image-preview:large, max-video-preview:-1\" \/>\n<link rel=\"canonical\" href=\"https:\/\/omnistaff.se\/no\/takk-skal-du-ha\/\" \/>\n<meta property=\"og:locale\" content=\"nb_NO\" \/>\n<meta property=\"og:type\" content=\"article\" \/>\n<meta property=\"og:title\" content=\"Takk for at du tok kontakt med oss i OMNISTAFF.\" \/>\n<meta property=\"og:description\" content=\"OMNISTAFF - kompetanseselskap med 3 forretningsomr\u00e5der, 6 bransjesegmenter, 14 kompetanseomr\u00e5der i 4 nordiske land. Vi hjelper deg med \u00e5 finne riktig kompetanse. Vi snakkes snart!\" \/>\n<meta property=\"og:url\" content=\"https:\/\/omnistaff.se\/no\/takk-skal-du-ha\/\" \/>\n<meta property=\"og:site_name\" content=\"Omnistaff\" \/>\n<meta property=\"article:modified_time\" content=\"2024-01-24T17:57:28+00:00\" \/>\n<meta name=\"twitter:card\" content=\"summary_large_image\" \/>\n<meta name=\"twitter:label1\" content=\"Ansl. lesetid\" \/>\n\t<meta name=\"twitter:data1\" content=\"1 minutt\" \/>\n<script type=\"application\/ld+json\" class=\"yoast-schema-graph\">{\"@context\":\"https:\\\/\\\/schema.org\",\"@graph\":[{\"@type\":\"WebPage\",\"@id\":\"https:\\\/\\\/omnistaff.se\\\/no\\\/takk-skal-du-ha\\\/\",\"url\":\"https:\\\/\\\/omnistaff.se\\\/no\\\/takk-skal-du-ha\\\/\",\"name\":\"Takk for at du tok kontakt med oss i OMNISTAFF.\",\"isPartOf\":{\"@id\":\"https:\\\/\\\/omnistaff.se\\\/#website\"},\"datePublished\":\"2023-05-30T06:14:36+00:00\",\"dateModified\":\"2024-01-24T17:57:28+00:00\",\"description\":\"OMNISTAFF - kompetanseselskap med 3 forretningsomr\u00e5der, 6 bransjesegmenter, 14 kompetanseomr\u00e5der i 4 nordiske land. Vi hjelper deg med \u00e5 finne riktig kompetanse. Vi snakkes snart!\",\"breadcrumb\":{\"@id\":\"https:\\\/\\\/omnistaff.se\\\/no\\\/takk-skal-du-ha\\\/#breadcrumb\"},\"inLanguage\":\"nb-NO\",\"potentialAction\":[{\"@type\":\"ReadAction\",\"target\":[\"https:\\\/\\\/omnistaff.se\\\/no\\\/takk-skal-du-ha\\\/\"]}]},{\"@type\":\"BreadcrumbList\",\"@id\":\"https:\\\/\\\/omnistaff.se\\\/no\\\/takk-skal-du-ha\\\/#breadcrumb\",\"itemListElement\":[{\"@type\":\"ListItem\",\"position\":1,\"name\":\"Home\",\"item\":\"https:\\\/\\\/omnistaff.se\\\/no\\\/\"},{\"@type\":\"ListItem\",\"position\":2,\"name\":\"Takk skal du ha\"}]},{\"@type\":\"WebSite\",\"@id\":\"https:\\\/\\\/omnistaff.se\\\/#website\",\"url\":\"https:\\\/\\\/omnistaff.se\\\/\",\"name\":\"Omnistaff\",\"description\":\"\",\"potentialAction\":[{\"@type\":\"SearchAction\",\"target\":{\"@type\":\"EntryPoint\",\"urlTemplate\":\"https:\\\/\\\/omnistaff.se\\\/?s={search_term_string}\"},\"query-input\":{\"@type\":\"PropertyValueSpecification\",\"valueRequired\":true,\"valueName\":\"search_term_string\"}}],\"inLanguage\":\"nb-NO\"}]}<\/script>\n<!-- \/ Yoast SEO plugin. -->","yoast_head_json":{"title":"Takk for at du tok kontakt med oss i OMNISTAFF.","description":"OMNISTAFF - kompetanseselskap med 3 forretningsomr\u00e5der, 6 bransjesegmenter, 14 kompetanseomr\u00e5der i 4 nordiske land. Vi hjelper deg med \u00e5 finne riktig kompetanse. Vi snakkes snart!","robots":{"index":"index","follow":"follow","max-snippet":"max-snippet:-1","max-image-preview":"max-image-preview:large","max-video-preview":"max-video-preview:-1"},"canonical":"https:\/\/omnistaff.se\/no\/takk-skal-du-ha\/","og_locale":"nb_NO","og_type":"article","og_title":"Takk for at du tok kontakt med oss i OMNISTAFF.","og_description":"OMNISTAFF - kompetanseselskap med 3 forretningsomr\u00e5der, 6 bransjesegmenter, 14 kompetanseomr\u00e5der i 4 nordiske land. Vi hjelper deg med \u00e5 finne riktig kompetanse. Vi snakkes snart!","og_url":"https:\/\/omnistaff.se\/no\/takk-skal-du-ha\/","og_site_name":"Omnistaff","article_modified_time":"2024-01-24T17:57:28+00:00","twitter_card":"summary_large_image","twitter_misc":{"Ansl. lesetid":"1 minutt"},"schema":{"@context":"https:\/\/schema.org","@graph":[{"@type":"WebPage","@id":"https:\/\/omnistaff.se\/no\/takk-skal-du-ha\/","url":"https:\/\/omnistaff.se\/no\/takk-skal-du-ha\/","name":"Takk for at du tok kontakt med oss i OMNISTAFF.","isPartOf":{"@id":"https:\/\/omnistaff.se\/#website"},"datePublished":"2023-05-30T06:14:36+00:00","dateModified":"2024-01-24T17:57:28+00:00","description":"OMNISTAFF - kompetanseselskap med 3 forretningsomr\u00e5der, 6 bransjesegmenter, 14 kompetanseomr\u00e5der i 4 nordiske land. Vi hjelper deg med \u00e5 finne riktig kompetanse. Vi snakkes snart!","breadcrumb":{"@id":"https:\/\/omnistaff.se\/no\/takk-skal-du-ha\/#breadcrumb"},"inLanguage":"nb-NO","potentialAction":[{"@type":"ReadAction","target":["https:\/\/omnistaff.se\/no\/takk-skal-du-ha\/"]}]},{"@type":"BreadcrumbList","@id":"https:\/\/omnistaff.se\/no\/takk-skal-du-ha\/#breadcrumb","itemListElement":[{"@type":"ListItem","position":1,"name":"Home","item":"https:\/\/omnistaff.se\/no\/"},{"@type":"ListItem","position":2,"name":"Takk skal du ha"}]},{"@type":"WebSite","@id":"https:\/\/omnistaff.se\/#website","url":"https:\/\/omnistaff.se\/","name":"Omnistaff","description":"","potentialAction":[{"@type":"SearchAction","target":{"@type":"EntryPoint","urlTemplate":"https:\/\/omnistaff.se\/?s={search_term_string}"},"query-input":{"@type":"PropertyValueSpecification","valueRequired":true,"valueName":"search_term_string"}}],"inLanguage":"nb-NO"}]}},"_links":{"self":[{"href":"https:\/\/omnistaff.se\/no\/wp-json\/wp\/v2\/pages\/3368","targetHints":{"allow":["GET"]}}],"collection":[{"href":"https:\/\/omnistaff.se\/no\/wp-json\/wp\/v2\/pages"}],"about":[{"href":"https:\/\/omnistaff.se\/no\/wp-json\/wp\/v2\/types\/page"}],"author":[{"embeddable":true,"href":"https:\/\/omnistaff.se\/no\/wp-json\/wp\/v2\/users\/2"}],"replies":[{"embeddable":true,"href":"https:\/\/omnistaff.se\/no\/wp-json\/wp\/v2\/comments?post=3368"}],"version-history":[{"count":9,"href":"https:\/\/omnistaff.se\/no\/wp-json\/wp\/v2\/pages\/3368\/revisions"}],"predecessor-version":[{"id":3422,"href":"https:\/\/omnistaff.se\/no\/wp-json\/wp\/v2\/pages\/3368\/revisions\/3422"}],"wp:attachment":[{"href":"https:\/\/omnistaff.se\/no\/wp-json\/wp\/v2\/media?parent=3368"}],"wp:term":[{"taxonomy":"difl_page_category","embeddable":true,"href":"https:\/\/omnistaff.se\/no\/wp-json\/wp\/v2\/difl_page_category?post=3368"}],"curies":[{"name":"wp","href":"https:\/\/api.w.org\/{rel}","templated":true}]}}