{"id":3358,"date":"2023-05-02T17:16:16","date_gmt":"2023-05-02T15:16:16","guid":{"rendered":"https:\/\/omnistaff.se\/om-oss\/"},"modified":"2026-02-03T21:08:20","modified_gmt":"2026-02-03T20:08:20","slug":"om-oss","status":"publish","type":"page","link":"https:\/\/omnistaff.se\/no\/om-oss\/","title":{"rendered":"Om oss"},"content":{"rendered":"<p>[et_pb_section fb_built=&raquo;1&#8243; specialty=&raquo;on&raquo; padding_right_2=&raquo;0px&raquo; padding_left_2=&raquo;0px&raquo; padding_top_bottom_link_1=&raquo;false&raquo; padding_top_bottom_link_2=&raquo;false&raquo; padding_left_right_link_1=&raquo;true&raquo; padding_left_right_link_2=&raquo;true&raquo; admin_label=&raquo;Services&raquo; _builder_version=&raquo;4.21.0&#8243; _module_preset=&raquo;default&raquo; background_color=&raquo;#000000&#8243; use_background_color_gradient=&raquo;on&raquo; background_color_gradient_direction=&raquo;90deg&raquo; background_color_gradient_stops=&raquo;#63310f 0%|#63310f 50%|#ffffff 50%&raquo; inner_max_width=&raquo;1800px&raquo; background_last_edited=&raquo;on|desktop&raquo; background_color_gradient_direction_tablet=&raquo;180deg&raquo; locked=&raquo;off&raquo; collapsed=&raquo;on&raquo; global_colors_info=&raquo;{}&raquo;][et_pb_column type=&raquo;1_3&#8243; _builder_version=&raquo;4.16&#8243; custom_padding=&raquo;|||&raquo; global_colors_info=&raquo;{}&raquo; custom_padding__hover=&raquo;|||&raquo;][et_pb_text _builder_version=&raquo;4.21.0&#8243; _module_preset=&raquo;e6504a1b-67eb-4b3d-b023-bcab277610b6&#8243; header_font=&raquo;Ubuntu|700||on|||||&raquo; header_text_align=&raquo;right&raquo; header_text_color=&raquo;#FFFFFF&raquo; header_font_size=&raquo;14px&raquo; header_line_height=&raquo;1.5em&raquo; header_4_font=&raquo;Ubuntu|700||on|||||&raquo; header_4_text_align=&raquo;right&raquo; header_4_text_color=&raquo;#FFFFFF&raquo; header_4_font_size=&raquo;14px&raquo; header_4_line_height=&raquo;1.5em&raquo; custom_margin=&raquo;||0px||false|false&raquo; global_colors_info=&raquo;{}&raquo;]<\/p>\n<h1>OM OSS | OMNISTAFF<\/h1>\n<p>[\/et_pb_text][et_pb_text _builder_version=&raquo;4.27.4&#8243; _module_preset=&raquo;b327cbe4-b1d5-4b66-ad37-40c8f2f061ba&raquo; header_2_font=&raquo;Cormorant Garamond|700|||||||&raquo; header_2_text_align=&raquo;right&raquo; header_2_text_color=&raquo;#FFFFFF&raquo; header_2_font_size=&raquo;35px&raquo; header_2_line_height=&raquo;1.35em&raquo; header_2_font_size_tablet=&raquo;35px&raquo; header_2_font_size_phone=&raquo;30px&raquo; header_2_font_size_last_edited=&raquo;on|tablet&raquo; global_colors_info=&raquo;{}&raquo;]<\/p>\n<h2>3 forretningsomr\u00e5der<br \/>6 industrisegmenter<br \/>14 kompetanseomr\u00e5der<br \/>5 europeiske markeder<\/h2>\n<p>[\/et_pb_text][\/et_pb_column][et_pb_column type=&raquo;2_3&#8243; specialty_columns=&raquo;2&#8243; _builder_version=&raquo;4.16&#8243; custom_padding=&raquo;|||&raquo; global_colors_info=&raquo;{}&raquo; custom_padding__hover=&raquo;|||&raquo;][et_pb_row_inner use_custom_gutter=&raquo;on&raquo; gutter_width=&raquo;2&#8243; make_equal=&raquo;on&raquo; custom_padding_last_edited=&raquo;on|desktop&raquo; _builder_version=&raquo;4.21.0&#8243; _module_preset=&raquo;default&raquo; background_color=&raquo;#FFFFFF&raquo; width=&raquo;100%&raquo; max_width=&raquo;100%&raquo; custom_margin=&raquo;||0px||false|false&raquo; custom_padding=&raquo;60px|20px||20px|false|true&raquo; custom_padding_tablet=&raquo;30px|30px||30px|false|true&raquo; custom_padding_phone=&raquo;20px|20px||20px|false|true&raquo; animation_style=&raquo;fold&raquo; box_shadow_style=&raquo;preset1&#8243; box_shadow_vertical=&raquo;22px&raquo; box_shadow_color=&raquo;rgba(0,0,0,0.1)&raquo; global_colors_info=&raquo;{}&raquo; background__hover_enabled=&raquo;on|hover&raquo; background_color__hover=&raquo;#FFFFFF&raquo; background_enable_color__hover=&raquo;on&raquo;][et_pb_column_inner saved_specialty_column_type=&raquo;2_3&#8243; _builder_version=&raquo;4.21.0&#8243; _module_preset=&raquo;default&raquo; custom_padding=&raquo;|10px||10px|false|true&raquo; global_colors_info=&raquo;{}&raquo; background__hover_enabled=&raquo;on|hover&raquo; background_color__hover=&raquo;RGBA(255,255,255,0)&raquo; background_enable_color__hover=&raquo;on&raquo;][et_pb_text _builder_version=&raquo;4.21.0&#8243; _module_preset=&raquo;default&raquo; text_text_color=&raquo;#000000&#8243; global_colors_info=&raquo;{}&raquo;]<\/p>\n<div><strong>&laquo;OMNISTAFF ER IKKE ET LOKALT REKRUTTERINGSBYR\u00c5 &#8211; VI ER EN HELHETLIG NORDISK KOMPETANSEBEDRIFT&raquo;<\/strong><\/div>\n<p>[\/et_pb_text][et_pb_text _builder_version=&raquo;4.21.0&#8243; _module_preset=&raquo;default&raquo; global_colors_info=&raquo;{}&raquo;]<\/p>\n<p>For oss er det ikke viktig hvordan du som kunde trenger hjelp til \u00e5 l\u00f8se et kompetansebehov, det eneste vi bryr oss om er at du finner den kompetansen du leter etter. Derfor har vi kastet ut alle de tradisjonelle ideene om hvordan vi kan tilby deg som kunde kompetanse, og tegnet et nytt kompetansekart. Et kart som inneb\u00e6rer at vi har samlet de 14 viktigste kompetansebehovene du som kunde trenger, fordelt p\u00e5 3 forretningsomr\u00e5der i 6 tekstilbransjesegmenter i 5 europeiske markeder. Alt under ett og samme tak. Det er uvesentlig for oss om denne kompetansen er kandidater eller konsulenter for et bestemt omr\u00e5de, eller om du trenger v\u00e5r hjelp til \u00e5 utvikle bedriftens virksomhet.<\/p>\n<p><strong>V\u00e5rt fokus er \u00e5 hjelpe deg med \u00e5 utvikle virksomheten din ved \u00e5 finne den rette kompetansel\u00f8sningen. Ikke formen p\u00e5 den.<\/strong><\/p>\n<p>[\/et_pb_text][et_pb_button button_url=&raquo;https:\/\/omnistaff.se\/no\/kontakt-oss\/&raquo; button_text=&raquo;KONTAKT OSS&raquo; button_alignment=&raquo;left&raquo; disabled_on=&raquo;on|on|off&raquo; _builder_version=&raquo;4.21.0&#8243; _module_preset=&raquo;31b4f027-aaa0-4f2f-ae02-959764e19e4f&raquo; custom_button=&raquo;on&raquo; button_text_size=&raquo;14px&raquo; button_text_color=&raquo;#000000&#8243; button_bg_color=&raquo;#FFFFFF&raquo; button_border_width=&raquo;1px&raquo; button_border_color=&raquo;#000000&#8243; button_border_radius=&raquo;0px&raquo; button_font=&raquo;Ubuntu|700||on|||||&raquo; custom_margin=&raquo;50px||0px||false|false&raquo; custom_padding=&raquo;16px|24px|16px|24px|true|true&raquo; locked=&raquo;off&raquo; global_colors_info=&raquo;{}&raquo;][\/et_pb_button][\/et_pb_column_inner][\/et_pb_row_inner][\/et_pb_column][\/et_pb_section][et_pb_section fb_built=&raquo;1&#8243; _builder_version=&raquo;4.21.0&#8243; _module_preset=&raquo;default&raquo; global_colors_info=&raquo;{}&raquo;][et_pb_row custom_padding_last_edited=&raquo;on|phone&raquo; _builder_version=&raquo;4.21.0&#8243; _module_preset=&raquo;default&raquo; width=&raquo;100%&raquo; max_width=&raquo;100%&raquo; custom_padding=&raquo;|50px|||false|false&raquo; custom_padding_tablet=&raquo;|50px|||false|false&raquo; custom_padding_phone=&raquo;|0px|||false|false&raquo; saved_tabs=&raquo;all&raquo; locked=&raquo;off&raquo; global_colors_info=&raquo;{}&raquo;][et_pb_column type=&raquo;4_4&#8243; _builder_version=&raquo;4.21.0&#8243; _module_preset=&raquo;default&raquo; global_colors_info=&raquo;{}&raquo;][\/et_pb_column][\/et_pb_row][et_pb_row use_custom_gutter=&raquo;on&raquo; gutter_width=&raquo;2&#8243; make_equal=&raquo;on&raquo; _builder_version=&raquo;4.21.0&#8243; _module_preset=&raquo;default&raquo; max_width=&raquo;1600px&raquo; custom_padding=&raquo;|20px||20px|false|true&raquo; box_shadow_style=&raquo;preset3&#8243; global_colors_info=&raquo;{}&raquo;][et_pb_column type=&raquo;4_4&#8243; _builder_version=&raquo;4.21.0&#8243; _module_preset=&raquo;default&raquo; custom_padding=&raquo;||||false|true&raquo; custom_css_main_element=&raquo;display: flex;||flex-direction: column;&raquo; border_color_all=&raquo;#000000&#8243; global_colors_info=&raquo;{}&raquo;][et_pb_text _builder_version=&raquo;4.21.0&#8243; _module_preset=&raquo;06dde692-4529-4b4c-81cf-5ce9dd685e21&#8243; header_4_text_align=&raquo;center&raquo; header_4_text_color=&raquo;#63310f&raquo; header_4_letter_spacing=&raquo;0em&raquo; custom_margin=&raquo;||10px||false|false&raquo; header_4_font_size_tablet=&raquo;25px&raquo; header_4_font_size_phone=&raquo;25px&raquo; header_4_font_size_last_edited=&raquo;on|tablet&raquo; global_colors_info=&raquo;{}&raquo;]<\/p>\n<h4>TEAMET BAK OMNISTAFF NORGE<\/h4>\n<p>[\/et_pb_text][et_pb_divider color=&raquo;#63310f&raquo; divider_style=&raquo;dotted&raquo; _builder_version=&raquo;4.21.0&#8243; _module_preset=&raquo;default&raquo; width=&raquo;50%&raquo; module_alignment=&raquo;center&raquo; custom_margin=&raquo;||0px||false|false&raquo; animation_style=&raquo;slide&raquo; locked=&raquo;off&raquo; global_colors_info=&raquo;{}&raquo;][\/et_pb_divider][et_pb_text _builder_version=&raquo;4.27.5&#8243; _module_preset=&raquo;c2401e2f-7e36-4a9a-8761-3a5b1dff41c6&#8243; text_text_color=&raquo;#000000&#8243; text_font_size=&raquo;14px&raquo; custom_padding=&raquo;||20px||false|false&raquo; hover_enabled=&raquo;0&#8243; global_colors_info=&raquo;{}&raquo; sticky_enabled=&raquo;0&#8243;]<\/p>\n<p style=\"text-align: center;\">Vi er et europeiske kompetanseselskap med over 150 \u00e5rs samlet erfaring i \u00e5 styrke og forretningsutvikle selskaper i mote- og sportsbransjen.<\/p>\n<p>[\/et_pb_text][et_pb_image src=&raquo;https:\/\/omnistaff.se\/wp-content\/uploads\/2023\/06\/teamet_i_soffan.jpg&raquo; alt=&raquo;Omnistaff-teamet&raquo; title_text=&raquo;teamet i sofaen&raquo; show_in_lightbox=&raquo;on&raquo; align=&raquo;center&raquo; _builder_version=&raquo;4.21.0&#8243; _module_preset=&raquo;default&raquo; custom_padding=&raquo;||||false|false&raquo; global_colors_info=&raquo;{}&raquo;][\/et_pb_image][et_pb_text _builder_version=&raquo;4.27.5&#8243; _module_preset=&raquo;default&raquo; text_text_color=&raquo;#000000&#8243; custom_padding=&raquo;||||false|false&raquo; hover_enabled=&raquo;0&#8243; global_colors_info=&raquo;{}&raquo; sticky_enabled=&raquo;0&#8243;]<\/p>\n<p class=\"front-cover-text\" style=\"text-align: center;\">Er du p\u00e5 utkikk etter en sterk kandidat, s\u00f8ker du en konsulent for et kortvarig behov eller \u00f8nsker du hjelp med forretningsutvikling i et av de europeiske markedene? Da er vi den rette partneren for deg.<\/p>\n<p>[\/et_pb_text][\/et_pb_column][\/et_pb_row][et_pb_row use_custom_gutter=&raquo;on&raquo; gutter_width=&raquo;2&#8243; make_equal=&raquo;on&raquo; _builder_version=&raquo;4.21.0&#8243; _module_preset=&raquo;default&raquo; max_width=&raquo;1600px&raquo; custom_margin=&raquo;50px||||false|false&raquo; custom_padding=&raquo;|20px||20px|false|true&raquo; box_shadow_style=&raquo;preset3&#8243; global_colors_info=&raquo;{}&raquo;][et_pb_column type=&raquo;4_4&#8243; _builder_version=&raquo;4.21.0&#8243; _module_preset=&raquo;default&raquo; custom_padding=&raquo;||||false|true&raquo; custom_css_main_element=&raquo;display: flex;||flex-direction: column;&raquo; border_color_all=&raquo;#000000&#8243; global_colors_info=&raquo;{}&raquo;][et_pb_text _builder_version=&raquo;4.21.0&#8243; _module_preset=&raquo;06dde692-4529-4b4c-81cf-5ce9dd685e21&#8243; header_4_text_align=&raquo;center&raquo; header_4_text_color=&raquo;#63310f&raquo; header_4_letter_spacing=&raquo;0em&raquo; custom_margin=&raquo;||10px||false|false&raquo; header_4_font_size_tablet=&raquo;25px&raquo; header_4_font_size_phone=&raquo;25px&raquo; header_4_font_size_last_edited=&raquo;on|tablet&raquo; global_colors_info=&raquo;{}&raquo;]<\/p>\n<h4>OMNISTAFF OG B\u00c6REKRAFT<\/h4>\n<p>[\/et_pb_text][et_pb_divider color=&raquo;#63310f&raquo; divider_style=&raquo;dotted&raquo; _builder_version=&raquo;4.21.0&#8243; _module_preset=&raquo;default&raquo; width=&raquo;50%&raquo; module_alignment=&raquo;center&raquo; custom_margin=&raquo;||0px||false|false&raquo; animation_style=&raquo;slide&raquo; locked=&raquo;off&raquo; global_colors_info=&raquo;{}&raquo;][\/et_pb_divider][et_pb_image src=&raquo;https:\/\/omnistaff.se\/wp-content\/uploads\/2023\/06\/hallbarhet_omnistaff.jpg&raquo; title_text=&raquo;b\u00e6rekraft_omnistaff&raquo; align=&raquo;center&raquo; _builder_version=&raquo;4.21.0&#8243; _module_preset=&raquo;default&raquo; global_colors_info=&raquo;{}&raquo;][\/et_pb_image][et_pb_text _builder_version=&raquo;4.21.0&#8243; _module_preset=&raquo;default&raquo; text_text_color=&raquo;#000000&#8243; global_colors_info=&raquo;{}&raquo;]<\/p>\n<p class=\"front-cover-text\" style=\"text-align: center;\">Vi lever etter mottoet om at hvis alle gj\u00f8r s\u00e5 godt de kan, er vi p\u00e5 rett vei i arbeidet med \u00e5 skape en mer b\u00e6rekraftig verden. For v\u00e5r del betyr det for eksempel at vi s\u00e5 langt det er mulig alltid pr\u00f8ver \u00e5 samarbeide med kunder som har en gjennomtenkt milj\u00f8- og b\u00e6rekraftplan, at vi kj\u00f8rer alle v\u00e5re lokale forretningsreiser med elbil, prioriterer tog fremfor fly s\u00e5 langt det er mulig og gjennomf\u00f8rer de fleste m\u00f8tene v\u00e5re digitalt i stedet for \u00e5 reise fysisk.<\/p>\n<p class=\"front-cover-text\" style=\"text-align: center;\">I tillegg oppdaterer vi oss jevnlig p\u00e5 de siste nyhetene innen milj\u00f8 og b\u00e6rekraft, b\u00e5de gjennom ulike foredrag og verdifulle rapporter av ulike slag p\u00e5 omr\u00e5det. Hvis alle gj\u00f8r litt, blir den samlede effekten enorm. Slik tror vi at vi kan bidra til en bedre verden i fremtiden.<\/p>\n<p>[\/et_pb_text][\/et_pb_column][\/et_pb_row][\/et_pb_section]<\/p>\n","protected":false},"excerpt":{"rendered":"<p>OM OSS | OMNISTAFF 3 forretningsomr\u00e5der6 industrisegmenter14 kompetanseomr\u00e5der5 europeiske markeder&raquo;OMNISTAFF ER IKKE ET LOKALT REKRUTTERINGSBYR\u00c5 &#8211; VI ER EN HELHETLIG NORDISK KOMPETANSEBEDRIFT&raquo;For oss er det ikke viktig hvordan du som kunde trenger hjelp til \u00e5 l\u00f8se et kompetansebehov, det eneste vi bryr oss om er at du finner den kompetansen du leter etter. Derfor har [&hellip;]<\/p>\n","protected":false},"author":2,"featured_media":0,"parent":0,"menu_order":0,"comment_status":"closed","ping_status":"closed","template":"","meta":{"_et_pb_use_builder":"on","_et_pb_old_content":"","_et_gb_content_width":"","footnotes":""},"difl_page_category":[],"class_list":["post-3358","page","type-page","status-publish","hentry"],"yoast_head":"<!-- This site is optimized with the Yoast SEO plugin v27.4 - https:\/\/yoast.com\/product\/yoast-seo-wordpress\/ -->\n<title>Om oss | OMNISTAFF<\/title>\n<meta name=\"description\" content=\"For oss er det ikke viktig hvordan du som kunde trenger hjelp til \u00e5 l\u00f8se et kompetansebehov, det vi bryr oss om er at du finner den kompetansen du leter etter.\" \/>\n<meta name=\"robots\" content=\"index, follow, max-snippet:-1, max-image-preview:large, max-video-preview:-1\" \/>\n<link rel=\"canonical\" href=\"https:\/\/omnistaff.se\/no\/om-oss\/\" \/>\n<meta property=\"og:locale\" content=\"nb_NO\" \/>\n<meta property=\"og:type\" content=\"article\" \/>\n<meta property=\"og:title\" content=\"Om oss | OMNISTAFF\" \/>\n<meta property=\"og:description\" content=\"For oss er det ikke viktig hvordan du som kunde trenger hjelp til \u00e5 l\u00f8se et kompetansebehov, det vi bryr oss om er at du finner den kompetansen du leter etter.\" \/>\n<meta property=\"og:url\" content=\"https:\/\/omnistaff.se\/no\/om-oss\/\" \/>\n<meta property=\"og:site_name\" content=\"Omnistaff\" \/>\n<meta property=\"article:modified_time\" content=\"2026-02-03T20:08:20+00:00\" \/>\n<meta name=\"twitter:card\" content=\"summary_large_image\" \/>\n<meta name=\"twitter:label1\" content=\"Ansl. lesetid\" \/>\n\t<meta name=\"twitter:data1\" content=\"3 minutter\" \/>\n<script type=\"application\/ld+json\" class=\"yoast-schema-graph\">{\"@context\":\"https:\\\/\\\/schema.org\",\"@graph\":[{\"@type\":\"WebPage\",\"@id\":\"https:\\\/\\\/omnistaff.se\\\/no\\\/om-oss\\\/\",\"url\":\"https:\\\/\\\/omnistaff.se\\\/no\\\/om-oss\\\/\",\"name\":\"Om oss | OMNISTAFF\",\"isPartOf\":{\"@id\":\"https:\\\/\\\/omnistaff.se\\\/#website\"},\"datePublished\":\"2023-05-02T15:16:16+00:00\",\"dateModified\":\"2026-02-03T20:08:20+00:00\",\"description\":\"For oss er det ikke viktig hvordan du som kunde trenger hjelp til \u00e5 l\u00f8se et kompetansebehov, det vi bryr oss om er at du finner den kompetansen du leter etter.\",\"breadcrumb\":{\"@id\":\"https:\\\/\\\/omnistaff.se\\\/no\\\/om-oss\\\/#breadcrumb\"},\"inLanguage\":\"nb-NO\",\"potentialAction\":[{\"@type\":\"ReadAction\",\"target\":[\"https:\\\/\\\/omnistaff.se\\\/no\\\/om-oss\\\/\"]}]},{\"@type\":\"BreadcrumbList\",\"@id\":\"https:\\\/\\\/omnistaff.se\\\/no\\\/om-oss\\\/#breadcrumb\",\"itemListElement\":[{\"@type\":\"ListItem\",\"position\":1,\"name\":\"Home\",\"item\":\"https:\\\/\\\/omnistaff.se\\\/no\\\/\"},{\"@type\":\"ListItem\",\"position\":2,\"name\":\"Om oss\"}]},{\"@type\":\"WebSite\",\"@id\":\"https:\\\/\\\/omnistaff.se\\\/#website\",\"url\":\"https:\\\/\\\/omnistaff.se\\\/\",\"name\":\"Omnistaff\",\"description\":\"\",\"potentialAction\":[{\"@type\":\"SearchAction\",\"target\":{\"@type\":\"EntryPoint\",\"urlTemplate\":\"https:\\\/\\\/omnistaff.se\\\/?s={search_term_string}\"},\"query-input\":{\"@type\":\"PropertyValueSpecification\",\"valueRequired\":true,\"valueName\":\"search_term_string\"}}],\"inLanguage\":\"nb-NO\"}]}<\/script>\n<!-- \/ Yoast SEO plugin. -->","yoast_head_json":{"title":"Om oss | OMNISTAFF","description":"For oss er det ikke viktig hvordan du som kunde trenger hjelp til \u00e5 l\u00f8se et kompetansebehov, det vi bryr oss om er at du finner den kompetansen du leter etter.","robots":{"index":"index","follow":"follow","max-snippet":"max-snippet:-1","max-image-preview":"max-image-preview:large","max-video-preview":"max-video-preview:-1"},"canonical":"https:\/\/omnistaff.se\/no\/om-oss\/","og_locale":"nb_NO","og_type":"article","og_title":"Om oss | OMNISTAFF","og_description":"For oss er det ikke viktig hvordan du som kunde trenger hjelp til \u00e5 l\u00f8se et kompetansebehov, det vi bryr oss om er at du finner den kompetansen du leter etter.","og_url":"https:\/\/omnistaff.se\/no\/om-oss\/","og_site_name":"Omnistaff","article_modified_time":"2026-02-03T20:08:20+00:00","twitter_card":"summary_large_image","twitter_misc":{"Ansl. lesetid":"3 minutter"},"schema":{"@context":"https:\/\/schema.org","@graph":[{"@type":"WebPage","@id":"https:\/\/omnistaff.se\/no\/om-oss\/","url":"https:\/\/omnistaff.se\/no\/om-oss\/","name":"Om oss | OMNISTAFF","isPartOf":{"@id":"https:\/\/omnistaff.se\/#website"},"datePublished":"2023-05-02T15:16:16+00:00","dateModified":"2026-02-03T20:08:20+00:00","description":"For oss er det ikke viktig hvordan du som kunde trenger hjelp til \u00e5 l\u00f8se et kompetansebehov, det vi bryr oss om er at du finner den kompetansen du leter etter.","breadcrumb":{"@id":"https:\/\/omnistaff.se\/no\/om-oss\/#breadcrumb"},"inLanguage":"nb-NO","potentialAction":[{"@type":"ReadAction","target":["https:\/\/omnistaff.se\/no\/om-oss\/"]}]},{"@type":"BreadcrumbList","@id":"https:\/\/omnistaff.se\/no\/om-oss\/#breadcrumb","itemListElement":[{"@type":"ListItem","position":1,"name":"Home","item":"https:\/\/omnistaff.se\/no\/"},{"@type":"ListItem","position":2,"name":"Om oss"}]},{"@type":"WebSite","@id":"https:\/\/omnistaff.se\/#website","url":"https:\/\/omnistaff.se\/","name":"Omnistaff","description":"","potentialAction":[{"@type":"SearchAction","target":{"@type":"EntryPoint","urlTemplate":"https:\/\/omnistaff.se\/?s={search_term_string}"},"query-input":{"@type":"PropertyValueSpecification","valueRequired":true,"valueName":"search_term_string"}}],"inLanguage":"nb-NO"}]}},"_links":{"self":[{"href":"https:\/\/omnistaff.se\/no\/wp-json\/wp\/v2\/pages\/3358","targetHints":{"allow":["GET"]}}],"collection":[{"href":"https:\/\/omnistaff.se\/no\/wp-json\/wp\/v2\/pages"}],"about":[{"href":"https:\/\/omnistaff.se\/no\/wp-json\/wp\/v2\/types\/page"}],"author":[{"embeddable":true,"href":"https:\/\/omnistaff.se\/no\/wp-json\/wp\/v2\/users\/2"}],"replies":[{"embeddable":true,"href":"https:\/\/omnistaff.se\/no\/wp-json\/wp\/v2\/comments?post=3358"}],"version-history":[{"count":30,"href":"https:\/\/omnistaff.se\/no\/wp-json\/wp\/v2\/pages\/3358\/revisions"}],"predecessor-version":[{"id":4614,"href":"https:\/\/omnistaff.se\/no\/wp-json\/wp\/v2\/pages\/3358\/revisions\/4614"}],"wp:attachment":[{"href":"https:\/\/omnistaff.se\/no\/wp-json\/wp\/v2\/media?parent=3358"}],"wp:term":[{"taxonomy":"difl_page_category","embeddable":true,"href":"https:\/\/omnistaff.se\/no\/wp-json\/wp\/v2\/difl_page_category?post=3358"}],"curies":[{"name":"wp","href":"https:\/\/api.w.org\/{rel}","templated":true}]}}