{"id":3322,"date":"2023-05-15T13:27:06","date_gmt":"2023-05-15T11:27:06","guid":{"rendered":"https:\/\/omnistaff.se\/for-vare-kandidater\/"},"modified":"2025-03-07T15:34:47","modified_gmt":"2025-03-07T14:34:47","slug":"for-vare-kandidater","status":"publish","type":"page","link":"https:\/\/omnistaff.se\/no\/for-vare-kandidater\/","title":{"rendered":"For v\u00e5re kandidater"},"content":{"rendered":"<p>[et_pb_section fb_built=&raquo;1&#8243; admin_label=&raquo;Header&raquo; _builder_version=&raquo;4.21.0&#8243; _module_preset=&raquo;default&raquo; background_enable_image=&raquo;off&raquo; parallax=&raquo;on&raquo; parallax_method=&raquo;off&raquo; collapsed=&raquo;on&raquo; global_colors_info=&raquo;{}&raquo;][et_pb_row custom_padding_last_edited=&raquo;on|phone&raquo; _builder_version=&raquo;4.21.0&#8243; _module_preset=&raquo;default&raquo; background_color=&raquo;#FFFFFF&raquo; max_width=&raquo;1600px&raquo; custom_padding_tablet=&raquo;&raquo; custom_padding_phone=&raquo;||0px||false|false&raquo; global_colors_info=&raquo;{}&raquo;][et_pb_column type=&raquo;4_4&#8243; _builder_version=&raquo;4.20.0&#8243; _module_preset=&raquo;default&raquo; global_colors_info=&raquo;{}&raquo;][et_pb_text _builder_version=&raquo;4.21.0&#8243; _module_preset=&raquo;d9861dc8-948e-4c52-8021-5cb1fb41f668&#8243; header_font_size=&raquo;50px&raquo; custom_margin=&raquo;||10px||false|false&raquo; header_font_size_phone=&raquo;32px&raquo; global_colors_info=&raquo;{}&raquo;]<\/p>\n<h1 style=\"text-align: center;\">FOR V\u00c5RE KANDIDATER<\/h1>\n<p>[\/et_pb_text][et_pb_divider color=&raquo;#000000&#8243; divider_style=&raquo;dotted&raquo; _builder_version=&raquo;4.21.0&#8243; _module_preset=&raquo;default&raquo; width=&raquo;50%&raquo; module_alignment=&raquo;center&raquo; custom_margin=&raquo;||0px||false|false&raquo; custom_padding=&raquo;||0px||false|false&raquo; animation_style=&raquo;slide&raquo; locked=&raquo;off&raquo; global_colors_info=&raquo;{}&raquo;][\/et_pb_divider][et_pb_image src=&raquo;https:\/\/omnistaff.se\/wp-content\/uploads\/2023\/05\/kandidater.jpeg&raquo; title_text=&raquo;kandidater&raquo; align=&raquo;center&raquo; disabled_on=&raquo;off|off|on&raquo; _builder_version=&raquo;4.21.0&#8243; _module_preset=&raquo;default&raquo; background_color=&raquo;rgba(0,0,0,0.04)&raquo; box_shadow_style=&raquo;preset4&#8243; box_shadow_horizontal=&raquo;0px&raquo; box_shadow_vertical=&raquo;0px&raquo; box_shadow_color=&raquo;rgba(0,0,0,0.05)&raquo; locked=&raquo;off&raquo; global_colors_info=&raquo;{}&raquo; transform_styles__hover_enabled=&raquo;on|hover&raquo; transform_scale__hover=&raquo;90%|90%&raquo; transform_scale__hover_enabled=&raquo;on|hover&raquo; transform_translate__hover_enabled=&raquo;on|desktop&raquo; transform_rotate__hover_enabled=&raquo;on|desktop&raquo; transform_skew__hover_enabled=&raquo;on|desktop&raquo; transform_origin__hover_enabled=&raquo;on|desktop&raquo; box_shadow_spread__hover=&raquo;30px&raquo; box_shadow_spread__hover_enabled=&raquo;on|hover&raquo;][\/et_pb_image][\/et_pb_column][\/et_pb_row][et_pb_row column_structure=&raquo;1_2,1_2&#8243; _builder_version=&raquo;4.21.0&#8243; _module_preset=&raquo;default&raquo; background_color=&raquo;#FFFFFF&raquo; max_width=&raquo;1600px&raquo; global_colors_info=&raquo;{}&raquo;][et_pb_column type=&raquo;1_2&#8243; _builder_version=&raquo;4.21.0&#8243; _module_preset=&raquo;default&raquo; global_colors_info=&raquo;{}&raquo;][et_pb_text _builder_version=&raquo;4.21.0&#8243; _module_preset=&raquo;d9861dc8-948e-4c52-8021-5cb1fb41f668&#8243; header_2_font=&raquo;Cormorant Garamond||||||||&raquo; header_2_text_color=&raquo;#000000&#8243; header_2_line_height=&raquo;1.3em&raquo; custom_margin=&raquo;||10px||false|false&raquo; global_colors_info=&raquo;{}&raquo;]<\/p>\n<h2>ET NETTVERK AV DYKTIGE MENNESKER<\/h2>\n<p>[\/et_pb_text][et_pb_text _builder_version=&raquo;4.21.0&#8243; _module_preset=&raquo;f80a08ee-ba62-48d7-8413-4a9aca508aab&raquo; link_font=&raquo;||||on||||&raquo; link_text_color=&raquo;#000000&#8243; global_colors_info=&raquo;{}&raquo;]<\/p>\n<p><span>Leter du etter jobber i v\u00e5re bransjesegmenter? Vi arbeider kontinuerlig med \u00e5 utvikle nettverket v\u00e5rt av dyktige medarbeidere innen ulike fagomr\u00e5der. Ved \u00e5 registrere deg i nettverket v\u00e5rt \u00f8ker du sjansen for at vi finner profilen din n\u00e5r vi leter etter spesifikk kompetanse til et rekrutteringsoppdrag. Det er viktig at du har en relevant bakgrunn fra et av v\u00e5re bransjesegmenter. Det er fordi vi bygger nettverket v\u00e5rt rundt alle kandidatenes bransjeerfaring.    <\/span><\/p>\n<p>For \u00e5 registrere deg, vennligst klikk p\u00e5 lenken Bli med i <a href=\"https:\/\/omnistaff.teamtailor.com\/jobs\/1404796-bli-en-del-av-vart-natverk\/applications\/new\" target=\"_blank\" rel=\"noopener\">nettverket v\u00e5rt <\/a>. <\/p>\n<p>Hvis du vil vite mer om hvordan vi behandler personopplysningene dine, finner du informasjon <a href=\"https:\/\/omnistaff.se\/no\/retningslinjer-for-personvern\/\" target=\"_blank\" rel=\"noopener\">her<\/a>.<\/p>\n<p>[\/et_pb_text][\/et_pb_column][et_pb_column type=&raquo;1_2&#8243; _builder_version=&raquo;4.21.0&#8243; _module_preset=&raquo;default&raquo; global_colors_info=&raquo;{}&raquo;][et_pb_image src=&raquo;https:\/\/omnistaff.se\/wp-content\/uploads\/2023\/05\/kandidater.jpeg&raquo; title_text=&raquo;kandidater&raquo; align=&raquo;center&raquo; disabled_on=&raquo;on|on|off&raquo; _builder_version=&raquo;4.21.0&#8243; _module_preset=&raquo;default&raquo; background_color=&raquo;rgba(0,0,0,0.04)&raquo; box_shadow_style=&raquo;preset4&#8243; box_shadow_horizontal=&raquo;0px&raquo; box_shadow_vertical=&raquo;0px&raquo; box_shadow_color=&raquo;rgba(0,0,0,0.05)&raquo; locked=&raquo;off&raquo; global_colors_info=&raquo;{}&raquo; transform_styles__hover_enabled=&raquo;on|hover&raquo; transform_scale__hover=&raquo;90%|90%&raquo; transform_scale__hover_enabled=&raquo;on|hover&raquo; transform_translate__hover_enabled=&raquo;on|desktop&raquo; transform_rotate__hover_enabled=&raquo;on|desktop&raquo; transform_skew__hover_enabled=&raquo;on|desktop&raquo; transform_origin__hover_enabled=&raquo;on|desktop&raquo; box_shadow_spread__hover=&raquo;30px&raquo; box_shadow_spread__hover_enabled=&raquo;on|hover&raquo;][\/et_pb_image][\/et_pb_column][\/et_pb_row][et_pb_row column_structure=&raquo;1_2,1_2&#8243; custom_padding_last_edited=&raquo;on|phone&raquo; disabled_on=&raquo;off|off|off&raquo; _builder_version=&raquo;4.21.0&#8243; _module_preset=&raquo;default&raquo; background_color=&raquo;#FFFFFF&raquo; max_width=&raquo;1600px&raquo; custom_padding=&raquo;40px||40px||true|false&raquo; custom_padding_tablet=&raquo;0px||||false|false&raquo; custom_padding_phone=&raquo;0px||20px||false|false&raquo; border_width_top=&raquo;1px&raquo; border_color_top=&raquo;#000000&#8243; locked=&raquo;off&raquo; global_colors_info=&raquo;{}&raquo;][et_pb_column type=&raquo;1_2&#8243; _builder_version=&raquo;4.20.0&#8243; _module_preset=&raquo;default&raquo; global_colors_info=&raquo;{}&raquo;][et_pb_image src=&raquo;https:\/\/omnistaff.se\/wp-content\/uploads\/2023\/05\/Omnistaff-Logotype-Kompetensmatch-Liggande-SV-2.png&raquo; title_text=&raquo;Omnistaff-Logotype-Kompetansematch-Legendary-SV-2&#8243; disabled_on=&raquo;on|on|off&raquo; _builder_version=&raquo;4.21.0&#8243; _module_preset=&raquo;default&raquo; width=&raquo;30%&raquo; global_colors_info=&raquo;{}&raquo;][\/et_pb_image][\/et_pb_column][et_pb_column type=&raquo;1_2&#8243; _builder_version=&raquo;4.20.0&#8243; _module_preset=&raquo;default&raquo; global_colors_info=&raquo;{}&raquo;][et_pb_button button_url=&raquo;https:\/\/omnistaff.se\/no\/kontakt-oss\/&raquo; button_text=&raquo;KONTAKT OSS&raquo; button_alignment=&raquo;right&raquo; disabled_on=&raquo;off|off|off&raquo; _builder_version=&raquo;4.21.0&#8243; _module_preset=&raquo;31b4f027-aaa0-4f2f-ae02-959764e19e4f&raquo; custom_button=&raquo;on&raquo; button_text_size=&raquo;14px&raquo; button_text_color=&raquo;#000000&#8243; button_bg_color=&raquo;#FFFFFF&raquo; button_border_width=&raquo;1px&raquo; button_border_color=&raquo;#000000&#8243; button_border_radius=&raquo;0px&raquo; button_font=&raquo;Ubuntu|700||on|||||&raquo; custom_margin=&raquo;||0px||false|false&raquo; custom_padding=&raquo;16px|24px|16px|24px|true|true&raquo; locked=&raquo;off&raquo; global_colors_info=&raquo;{}&raquo;][\/et_pb_button][\/et_pb_column][\/et_pb_row][\/et_pb_section]<\/p>\n","protected":false},"excerpt":{"rendered":"<p>FOR V\u00c5RE KANDIDATERET NETTVERK AV DYKTIGE MENNESKERLeter du etter jobber i v\u00e5re bransjesegmenter? Vi arbeider kontinuerlig med \u00e5 utvikle nettverket v\u00e5rt av dyktige medarbeidere innen ulike fagomr\u00e5der. Ved \u00e5 registrere deg i nettverket v\u00e5rt \u00f8ker du sjansen for at vi finner profilen din n\u00e5r vi leter etter spesifikk kompetanse til et rekrutteringsoppdrag. Det er viktig [&hellip;]<\/p>\n","protected":false},"author":2,"featured_media":0,"parent":0,"menu_order":0,"comment_status":"closed","ping_status":"closed","template":"","meta":{"_et_pb_use_builder":"on","_et_pb_old_content":"","_et_gb_content_width":"","footnotes":""},"difl_page_category":[],"class_list":["post-3322","page","type-page","status-publish","hentry"],"yoast_head":"<!-- This site is optimized with the Yoast SEO plugin v27.5 - https:\/\/yoast.com\/product\/yoast-seo-wordpress\/ -->\n<title>For v\u00e5re kandidater | OMNISTAFF<\/title>\n<meta name=\"description\" content=\"Gjennom nettverket v\u00e5rt \u00f8ker du sjansene for \u00e5 bli funnet n\u00e5r vi leter etter spesifikk kompetanse til et rekrutteringsoppdrag. Klikk her for mer informasjon.\" \/>\n<meta name=\"robots\" content=\"index, follow, max-snippet:-1, max-image-preview:large, max-video-preview:-1\" \/>\n<link rel=\"canonical\" href=\"https:\/\/omnistaff.se\/no\/for-vare-kandidater\/\" \/>\n<meta property=\"og:locale\" content=\"nb_NO\" \/>\n<meta property=\"og:type\" content=\"article\" \/>\n<meta property=\"og:title\" content=\"For v\u00e5re kandidater | OMNISTAFF\" \/>\n<meta property=\"og:description\" content=\"Gjennom nettverket v\u00e5rt \u00f8ker du sjansene for \u00e5 bli funnet n\u00e5r vi leter etter spesifikk kompetanse til et rekrutteringsoppdrag. Klikk her for mer informasjon.\" \/>\n<meta property=\"og:url\" content=\"https:\/\/omnistaff.se\/no\/for-vare-kandidater\/\" \/>\n<meta property=\"og:site_name\" content=\"Omnistaff\" \/>\n<meta property=\"article:modified_time\" content=\"2025-03-07T14:34:47+00:00\" \/>\n<meta name=\"twitter:card\" content=\"summary_large_image\" \/>\n<meta name=\"twitter:label1\" content=\"Ansl. lesetid\" \/>\n\t<meta name=\"twitter:data1\" content=\"4 minutter\" \/>\n<script type=\"application\/ld+json\" class=\"yoast-schema-graph\">{\"@context\":\"https:\\\/\\\/schema.org\",\"@graph\":[{\"@type\":\"WebPage\",\"@id\":\"https:\\\/\\\/omnistaff.se\\\/no\\\/for-vare-kandidater\\\/\",\"url\":\"https:\\\/\\\/omnistaff.se\\\/no\\\/for-vare-kandidater\\\/\",\"name\":\"For v\u00e5re kandidater | OMNISTAFF\",\"isPartOf\":{\"@id\":\"https:\\\/\\\/omnistaff.se\\\/#website\"},\"datePublished\":\"2023-05-15T11:27:06+00:00\",\"dateModified\":\"2025-03-07T14:34:47+00:00\",\"description\":\"Gjennom nettverket v\u00e5rt \u00f8ker du sjansene for \u00e5 bli funnet n\u00e5r vi leter etter spesifikk kompetanse til et rekrutteringsoppdrag. Klikk her for mer informasjon.\",\"breadcrumb\":{\"@id\":\"https:\\\/\\\/omnistaff.se\\\/no\\\/for-vare-kandidater\\\/#breadcrumb\"},\"inLanguage\":\"nb-NO\",\"potentialAction\":[{\"@type\":\"ReadAction\",\"target\":[\"https:\\\/\\\/omnistaff.se\\\/no\\\/for-vare-kandidater\\\/\"]}]},{\"@type\":\"BreadcrumbList\",\"@id\":\"https:\\\/\\\/omnistaff.se\\\/no\\\/for-vare-kandidater\\\/#breadcrumb\",\"itemListElement\":[{\"@type\":\"ListItem\",\"position\":1,\"name\":\"Home\",\"item\":\"https:\\\/\\\/omnistaff.se\\\/no\\\/\"},{\"@type\":\"ListItem\",\"position\":2,\"name\":\"For v\u00e5re kandidater\"}]},{\"@type\":\"WebSite\",\"@id\":\"https:\\\/\\\/omnistaff.se\\\/#website\",\"url\":\"https:\\\/\\\/omnistaff.se\\\/\",\"name\":\"Omnistaff\",\"description\":\"\",\"potentialAction\":[{\"@type\":\"SearchAction\",\"target\":{\"@type\":\"EntryPoint\",\"urlTemplate\":\"https:\\\/\\\/omnistaff.se\\\/?s={search_term_string}\"},\"query-input\":{\"@type\":\"PropertyValueSpecification\",\"valueRequired\":true,\"valueName\":\"search_term_string\"}}],\"inLanguage\":\"nb-NO\"}]}<\/script>\n<!-- \/ Yoast SEO plugin. -->","yoast_head_json":{"title":"For v\u00e5re kandidater | OMNISTAFF","description":"Gjennom nettverket v\u00e5rt \u00f8ker du sjansene for \u00e5 bli funnet n\u00e5r vi leter etter spesifikk kompetanse til et rekrutteringsoppdrag. Klikk her for mer informasjon.","robots":{"index":"index","follow":"follow","max-snippet":"max-snippet:-1","max-image-preview":"max-image-preview:large","max-video-preview":"max-video-preview:-1"},"canonical":"https:\/\/omnistaff.se\/no\/for-vare-kandidater\/","og_locale":"nb_NO","og_type":"article","og_title":"For v\u00e5re kandidater | OMNISTAFF","og_description":"Gjennom nettverket v\u00e5rt \u00f8ker du sjansene for \u00e5 bli funnet n\u00e5r vi leter etter spesifikk kompetanse til et rekrutteringsoppdrag. Klikk her for mer informasjon.","og_url":"https:\/\/omnistaff.se\/no\/for-vare-kandidater\/","og_site_name":"Omnistaff","article_modified_time":"2025-03-07T14:34:47+00:00","twitter_card":"summary_large_image","twitter_misc":{"Ansl. lesetid":"4 minutter"},"schema":{"@context":"https:\/\/schema.org","@graph":[{"@type":"WebPage","@id":"https:\/\/omnistaff.se\/no\/for-vare-kandidater\/","url":"https:\/\/omnistaff.se\/no\/for-vare-kandidater\/","name":"For v\u00e5re kandidater | OMNISTAFF","isPartOf":{"@id":"https:\/\/omnistaff.se\/#website"},"datePublished":"2023-05-15T11:27:06+00:00","dateModified":"2025-03-07T14:34:47+00:00","description":"Gjennom nettverket v\u00e5rt \u00f8ker du sjansene for \u00e5 bli funnet n\u00e5r vi leter etter spesifikk kompetanse til et rekrutteringsoppdrag. Klikk her for mer informasjon.","breadcrumb":{"@id":"https:\/\/omnistaff.se\/no\/for-vare-kandidater\/#breadcrumb"},"inLanguage":"nb-NO","potentialAction":[{"@type":"ReadAction","target":["https:\/\/omnistaff.se\/no\/for-vare-kandidater\/"]}]},{"@type":"BreadcrumbList","@id":"https:\/\/omnistaff.se\/no\/for-vare-kandidater\/#breadcrumb","itemListElement":[{"@type":"ListItem","position":1,"name":"Home","item":"https:\/\/omnistaff.se\/no\/"},{"@type":"ListItem","position":2,"name":"For v\u00e5re kandidater"}]},{"@type":"WebSite","@id":"https:\/\/omnistaff.se\/#website","url":"https:\/\/omnistaff.se\/","name":"Omnistaff","description":"","potentialAction":[{"@type":"SearchAction","target":{"@type":"EntryPoint","urlTemplate":"https:\/\/omnistaff.se\/?s={search_term_string}"},"query-input":{"@type":"PropertyValueSpecification","valueRequired":true,"valueName":"search_term_string"}}],"inLanguage":"nb-NO"}]}},"_links":{"self":[{"href":"https:\/\/omnistaff.se\/no\/wp-json\/wp\/v2\/pages\/3322","targetHints":{"allow":["GET"]}}],"collection":[{"href":"https:\/\/omnistaff.se\/no\/wp-json\/wp\/v2\/pages"}],"about":[{"href":"https:\/\/omnistaff.se\/no\/wp-json\/wp\/v2\/types\/page"}],"author":[{"embeddable":true,"href":"https:\/\/omnistaff.se\/no\/wp-json\/wp\/v2\/users\/2"}],"replies":[{"embeddable":true,"href":"https:\/\/omnistaff.se\/no\/wp-json\/wp\/v2\/comments?post=3322"}],"version-history":[{"count":14,"href":"https:\/\/omnistaff.se\/no\/wp-json\/wp\/v2\/pages\/3322\/revisions"}],"predecessor-version":[{"id":3810,"href":"https:\/\/omnistaff.se\/no\/wp-json\/wp\/v2\/pages\/3322\/revisions\/3810"}],"wp:attachment":[{"href":"https:\/\/omnistaff.se\/no\/wp-json\/wp\/v2\/media?parent=3322"}],"wp:term":[{"taxonomy":"difl_page_category","embeddable":true,"href":"https:\/\/omnistaff.se\/no\/wp-json\/wp\/v2\/difl_page_category?post=3322"}],"curies":[{"name":"wp","href":"https:\/\/api.w.org\/{rel}","templated":true}]}}