{"id":2742,"date":"2023-05-02T17:16:16","date_gmt":"2023-05-02T15:16:16","guid":{"rendered":"https:\/\/omnistaff.se\/om-os\/"},"modified":"2026-02-03T21:02:24","modified_gmt":"2026-02-03T20:02:24","slug":"om-os","status":"publish","type":"page","link":"https:\/\/omnistaff.se\/da\/om-os\/","title":{"rendered":"Om os"},"content":{"rendered":"<p>[et_pb_section fb_built=&#8221;1&#8243; specialty=&#8221;on&#8221; padding_right_2=&#8221;0px&#8221; padding_left_2=&#8221;0px&#8221; padding_top_bottom_link_1=&#8221;false&#8221; padding_top_bottom_link_2=&#8221;false&#8221; padding_left_right_link_1=&#8221;true&#8221; padding_left_right_link_2=&#8221;true&#8221; admin_label=&#8221;Services&#8221; _builder_version=&#8221;4.21.0&#8243; _module_preset=&#8221;default&#8221; background_color=&#8221;#000000&#8243; use_background_color_gradient=&#8221;on&#8221; background_color_gradient_direction=&#8221;90deg&#8221; background_color_gradient_stops=&#8221;#63310f 0%|#63310f 50%|#ffffff 50%&#8221; inner_max_width=&#8221;1800px&#8221; background_last_edited=&#8221;on|desktop&#8221; background_color_gradient_direction_tablet=&#8221;180deg&#8221; locked=&#8221;off&#8221; collapsed=&#8221;on&#8221; global_colors_info=&#8221;{}&#8221;][et_pb_column type=&#8221;1_3&#8243; _builder_version=&#8221;4.16&#8243; custom_padding=&#8221;|||&#8221; global_colors_info=&#8221;{}&#8221; custom_padding__hover=&#8221;|||&#8221;][et_pb_text _builder_version=&#8221;4.21.0&#8243; _module_preset=&#8221;e6504a1b-67eb-4b3d-b023-bcab277610b6&#8243; header_font=&#8221;Ubuntu|700||on|||||&#8221; header_text_align=&#8221;right&#8221; header_text_color=&#8221;#FFFFFF&#8221; header_font_size=&#8221;14px&#8221; header_line_height=&#8221;1.5em&#8221; header_4_font=&#8221;Ubuntu|700||on|||||&#8221; header_4_text_align=&#8221;right&#8221; header_4_text_color=&#8221;#FFFFFF&#8221; header_4_font_size=&#8221;14px&#8221; header_4_line_height=&#8221;1.5em&#8221; custom_margin=&#8221;||0px||false|false&#8221; global_colors_info=&#8221;{}&#8221;]<\/p>\n<h1>OM OS | OMNISTAFF<\/h1>\n<p>[\/et_pb_text][et_pb_text _builder_version=&#8221;4.27.4&#8243; _module_preset=&#8221;b327cbe4-b1d5-4b66-ad37-40c8f2f061ba&#8221; header_2_font=&#8221;Cormorant Garamond|700|||||||&#8221; header_2_text_align=&#8221;right&#8221; header_2_text_color=&#8221;#FFFFFF&#8221; header_2_font_size=&#8221;35px&#8221; header_2_line_height=&#8221;1.35em&#8221; header_2_font_size_tablet=&#8221;35px&#8221; header_2_font_size_phone=&#8221;30px&#8221; header_2_font_size_last_edited=&#8221;on|tablet&#8221; global_colors_info=&#8221;{}&#8221;]<\/p>\n<h2>3 forretningsomr\u00e5der<br \/>6 industrisegmenter<br \/>14 ekspertiseomr\u00e5der<br \/>5 europ\u00e6iske markeder<\/h2>\n<p>[\/et_pb_text][\/et_pb_column][et_pb_column type=&#8221;2_3&#8243; specialty_columns=&#8221;2&#8243; _builder_version=&#8221;4.16&#8243; custom_padding=&#8221;|||&#8221; global_colors_info=&#8221;{}&#8221; custom_padding__hover=&#8221;|||&#8221;][et_pb_row_inner use_custom_gutter=&#8221;on&#8221; gutter_width=&#8221;2&#8243; make_equal=&#8221;on&#8221; custom_padding_last_edited=&#8221;on|desktop&#8221; _builder_version=&#8221;4.21.0&#8243; _module_preset=&#8221;default&#8221; background_color=&#8221;#FFFFFF&#8221; width=&#8221;100%&#8221; max_width=&#8221;100%&#8221; custom_margin=&#8221;||0px||false|false&#8221; custom_padding=&#8221;60px|20px||20px|false|true&#8221; custom_padding_tablet=&#8221;30px|30px||30px|false|true&#8221; custom_padding_phone=&#8221;20px|20px||20px|false|true&#8221; animation_style=&#8221;fold&#8221; box_shadow_style=&#8221;preset1&#8243; box_shadow_vertical=&#8221;22px&#8221; box_shadow_color=&#8221;rgba(0,0,0,0.1)&#8221; global_colors_info=&#8221;{}&#8221; background__hover_enabled=&#8221;on|hover&#8221; background_color__hover=&#8221;#FFFFFF&#8221; background_enable_color__hover=&#8221;on&#8221;][et_pb_column_inner saved_specialty_column_type=&#8221;2_3&#8243; _builder_version=&#8221;4.21.0&#8243; _module_preset=&#8221;default&#8221; custom_padding=&#8221;|10px||10px|false|true&#8221; global_colors_info=&#8221;{}&#8221; background__hover_enabled=&#8221;on|hover&#8221; background_color__hover=&#8221;RGBA(255,255,255,0)&#8221; background_enable_color__hover=&#8221;on&#8221;][et_pb_text _builder_version=&#8221;4.21.0&#8243; _module_preset=&#8221;default&#8221; text_text_color=&#8221;#000000&#8243; global_colors_info=&#8221;{}&#8221;]<\/p>\n<div><strong>\u201dOMNISTAFF ER IKKE EN LOKAL REKRUTTERINGSVIRKSOMHED \u2013 VI ER EN NORDISK KOMPETENCEVIRKSOMHED.\u201d<\/strong><\/div>\n<p>[\/et_pb_text][et_pb_text _builder_version=&#8221;4.21.0&#8243; _module_preset=&#8221;default&#8221; global_colors_info=&#8221;{}&#8221;]<\/p>\n<p>For os er det ikke vigtigt, hvordan du, som kunde, beh\u00f8ver hj\u00e6lp med at l\u00f8se et kompetencebehov \u2013 det eneste vi bekymrer os om er, at du finder den kompetence du s\u00f8ger. Derfor har vi smidt alle traditionelle tanker overbord i forhold til hvordan vi kan sikre dig de kompetencer, du s\u00f8ger og tegnet et nyt kompetencekort. Et kort, som indeb\u00e6rer, at vi har samlet 14 centrale kompetencebehov, fordelt p\u00e5 3 forretningsomr\u00e5der og 6 tekstilbranche segmenter i de 5 europ\u00e6iske markeder. Alt under samme tag. Om disse kompetencer s\u00e5 er kandidater eller konsulenter for et specifikt omr\u00e5de eller om du beh\u00f8ver hj\u00e6lp med forretningsudvikling i din virksomhed, betyder ikke noget for os.<\/p>\n<p><strong>Vores fokus er at hj\u00e6lpe dig med at udvikle din virksomhed ved at finde den rigtige type kompetencel\u00f8sning. Ikke formen af det.<\/strong><\/p>\n<p>[\/et_pb_text][et_pb_button button_url=&#8221;https:\/\/omnistaff.se\/da\/kontakt-os\/&#8221; button_text=&#8221;KONTAKT OS&#8221; button_alignment=&#8221;left&#8221; disabled_on=&#8221;on|on|off&#8221; _builder_version=&#8221;4.21.0&#8243; _module_preset=&#8221;31b4f027-aaa0-4f2f-ae02-959764e19e4f&#8221; custom_button=&#8221;on&#8221; button_text_size=&#8221;14px&#8221; button_text_color=&#8221;#000000&#8243; button_bg_color=&#8221;#FFFFFF&#8221; button_border_width=&#8221;1px&#8221; button_border_color=&#8221;#000000&#8243; button_border_radius=&#8221;0px&#8221; button_font=&#8221;Ubuntu|700||on|||||&#8221; custom_margin=&#8221;50px||0px||false|false&#8221; custom_padding=&#8221;16px|24px|16px|24px|true|true&#8221; locked=&#8221;off&#8221; global_colors_info=&#8221;{}&#8221;][\/et_pb_button][\/et_pb_column_inner][\/et_pb_row_inner][\/et_pb_column][\/et_pb_section][et_pb_section fb_built=&#8221;1&#8243; _builder_version=&#8221;4.21.0&#8243; _module_preset=&#8221;default&#8221; global_colors_info=&#8221;{}&#8221;][et_pb_row custom_padding_last_edited=&#8221;on|phone&#8221; _builder_version=&#8221;4.21.0&#8243; _module_preset=&#8221;default&#8221; width=&#8221;100%&#8221; max_width=&#8221;100%&#8221; custom_padding=&#8221;|50px|||false|false&#8221; custom_padding_tablet=&#8221;|50px|||false|false&#8221; custom_padding_phone=&#8221;|0px|||false|false&#8221; global_module=&#8221;1565&#8243; saved_tabs=&#8221;all&#8221; locked=&#8221;off&#8221; global_colors_info=&#8221;{}&#8221;][et_pb_column type=&#8221;4_4&#8243; _builder_version=&#8221;4.21.0&#8243; _module_preset=&#8221;default&#8221; global_colors_info=&#8221;{}&#8221;][et_pb_button button_url=&#8221;https:\/\/omnistaff.teamtailor.com\/jobs&#8221; url_new_window=&#8221;on&#8221; button_text=&#8221;Ledige stillinger og projekter&#8221; button_alignment=&#8221;right&#8221; button_alignment_tablet=&#8221;right&#8221; button_alignment_phone=&#8221;center&#8221; button_alignment_last_edited=&#8221;on|phone&#8221; _builder_version=&#8221;4.21.0&#8243; _module_preset=&#8221;default&#8221; custom_button=&#8221;on&#8221; button_text_size=&#8221;14px&#8221; button_text_color=&#8221;#643210&#8243; button_bg_color=&#8221;#FFFFFF&#8221; button_border_width=&#8221;1px&#8221; button_border_color=&#8221;#643210&#8243; button_border_radius=&#8221;0px&#8221; button_font=&#8221;Ubuntu|700||on|||||&#8221; custom_padding=&#8221;16px|24px|16px|24px|true|true&#8221; sticky_position=&#8221;top_bottom&#8221; sticky_offset_top=&#8221;10px&#8221; sticky_transition=&#8221;off&#8221; sticky_position_tablet=&#8221;&#8221; sticky_position_phone=&#8221;bottom&#8221; sticky_position_last_edited=&#8221;on|phone&#8221; sticky_transition_tablet=&#8221;&#8221; sticky_transition_phone=&#8221;on&#8221; sticky_transition_last_edited=&#8221;on|phone&#8221; box_shadow_style=&#8221;preset3&#8243; global_colors_info=&#8221;{}&#8221;][\/et_pb_button][\/et_pb_column][\/et_pb_row][et_pb_row use_custom_gutter=&#8221;on&#8221; gutter_width=&#8221;2&#8243; make_equal=&#8221;on&#8221; _builder_version=&#8221;4.21.0&#8243; _module_preset=&#8221;default&#8221; max_width=&#8221;1600px&#8221; custom_padding=&#8221;|20px||20px|false|true&#8221; box_shadow_style=&#8221;preset3&#8243; global_colors_info=&#8221;{}&#8221;][et_pb_column type=&#8221;4_4&#8243; _builder_version=&#8221;4.21.0&#8243; _module_preset=&#8221;default&#8221; custom_padding=&#8221;||||false|true&#8221; custom_css_main_element=&#8221;display: flex;||flex-direction: column;&#8221; border_color_all=&#8221;#000000&#8243; global_colors_info=&#8221;{}&#8221;][et_pb_text _builder_version=&#8221;4.21.0&#8243; _module_preset=&#8221;06dde692-4529-4b4c-81cf-5ce9dd685e21&#8243; header_4_text_align=&#8221;center&#8221; header_4_text_color=&#8221;#63310f&#8221; header_4_letter_spacing=&#8221;0em&#8221; custom_margin=&#8221;||10px||false|false&#8221; header_4_font_size_tablet=&#8221;25px&#8221; header_4_font_size_phone=&#8221;25px&#8221; header_4_font_size_last_edited=&#8221;on|tablet&#8221; global_colors_info=&#8221;{}&#8221;]<\/p>\n<h4>TEAMET BAG OMNISTAFF NORDEN<\/h4>\n<p>[\/et_pb_text][et_pb_divider color=&#8221;#63310f&#8221; divider_style=&#8221;dotted&#8221; _builder_version=&#8221;4.21.0&#8243; _module_preset=&#8221;default&#8221; width=&#8221;50%&#8221; module_alignment=&#8221;center&#8221; custom_margin=&#8221;||0px||false|false&#8221; animation_style=&#8221;slide&#8221; locked=&#8221;off&#8221; global_colors_info=&#8221;{}&#8221;][\/et_pb_divider][et_pb_text _builder_version=&#8221;4.27.5&#8243; _module_preset=&#8221;c2401e2f-7e36-4a9a-8761-3a5b1dff41c6&#8243; text_text_color=&#8221;#000000&#8243; text_font_size=&#8221;14px&#8221; custom_padding=&#8221;||20px||false|false&#8221; hover_enabled=&#8221;0&#8243; global_colors_info=&#8221;{}&#8221; sticky_enabled=&#8221;0&#8243;]<\/p>\n<p style=\"text-align: center;\">Vi er en europ\u00e6iske\u00a0kompetencevirksomhed med over 150 \u00e5rs samlet erfaring i rekruttering og forretningsudvikling af virksomheder i Mode- og Sportsbranchen.<\/p>\n<p>[\/et_pb_text][et_pb_image src=&#8221;https:\/\/omnistaff.se\/wp-content\/uploads\/2023\/06\/teamet_i_soffan.jpg&#8221; alt=&#8221;Omnistaff team&#8221; title_text=&#8221;teamet_i_soffan&#8221; show_in_lightbox=&#8221;on&#8221; align=&#8221;center&#8221; _builder_version=&#8221;4.21.0&#8243; _module_preset=&#8221;default&#8221; custom_padding=&#8221;||||false|false&#8221; global_colors_info=&#8221;{}&#8221;][\/et_pb_image][et_pb_text _builder_version=&#8221;4.27.5&#8243; _module_preset=&#8221;default&#8221; text_text_color=&#8221;#000000&#8243; custom_padding=&#8221;||||false|false&#8221; hover_enabled=&#8221;0&#8243; global_colors_info=&#8221;{}&#8221; sticky_enabled=&#8221;0&#8243;]<\/p>\n<p class=\"front-cover-text\" style=\"text-align: center;\">S\u00f8ger du en kvalificeret kandidat eller leder du efter en konsulent til et pludseligt opst\u00e5et behov eller har du helt enkelt brug for hj\u00e6lp til forretningsudvikling p\u00e5 et af de europ\u00e6iske\u00a0markeder? S\u00e5 er vi den rette partner for dig!<\/p>\n<p>[\/et_pb_text][\/et_pb_column][\/et_pb_row][et_pb_row use_custom_gutter=&#8221;on&#8221; gutter_width=&#8221;2&#8243; make_equal=&#8221;on&#8221; _builder_version=&#8221;4.21.0&#8243; _module_preset=&#8221;default&#8221; max_width=&#8221;1600px&#8221; custom_margin=&#8221;50px||||false|false&#8221; custom_padding=&#8221;|20px||20px|false|true&#8221; box_shadow_style=&#8221;preset3&#8243; global_colors_info=&#8221;{}&#8221;][et_pb_column type=&#8221;4_4&#8243; _builder_version=&#8221;4.21.0&#8243; _module_preset=&#8221;default&#8221; custom_padding=&#8221;||||false|true&#8221; custom_css_main_element=&#8221;display: flex;||flex-direction: column;&#8221; border_color_all=&#8221;#000000&#8243; global_colors_info=&#8221;{}&#8221;][et_pb_text _builder_version=&#8221;4.21.0&#8243; _module_preset=&#8221;06dde692-4529-4b4c-81cf-5ce9dd685e21&#8243; header_4_text_align=&#8221;center&#8221; header_4_text_color=&#8221;#63310f&#8221; header_4_letter_spacing=&#8221;0em&#8221; custom_margin=&#8221;||10px||false|false&#8221; header_4_font_size_tablet=&#8221;25px&#8221; header_4_font_size_phone=&#8221;25px&#8221; header_4_font_size_last_edited=&#8221;on|tablet&#8221; global_colors_info=&#8221;{}&#8221;]<\/p>\n<h4>OMNISTAFF OG B\u00c6REDYGTIGHED<\/h4>\n<p>[\/et_pb_text][et_pb_divider color=&#8221;#63310f&#8221; divider_style=&#8221;dotted&#8221; _builder_version=&#8221;4.21.0&#8243; _module_preset=&#8221;default&#8221; width=&#8221;50%&#8221; module_alignment=&#8221;center&#8221; custom_margin=&#8221;||0px||false|false&#8221; animation_style=&#8221;slide&#8221; locked=&#8221;off&#8221; global_colors_info=&#8221;{}&#8221;][\/et_pb_divider][et_pb_image src=&#8221;https:\/\/omnistaff.se\/wp-content\/uploads\/2023\/06\/hallbarhet_omnistaff.jpg&#8221; title_text=&#8221;ha\u030allbarhet_omnistaff&#8221; align=&#8221;center&#8221; _builder_version=&#8221;4.21.0&#8243; _module_preset=&#8221;default&#8221; global_colors_info=&#8221;{}&#8221;][\/et_pb_image][et_pb_text _builder_version=&#8221;4.21.0&#8243; _module_preset=&#8221;default&#8221; text_text_color=&#8221;#000000&#8243; global_colors_info=&#8221;{}&#8221;]<\/p>\n<p class=\"front-cover-text\" style=\"text-align: center;\">Vi lever efter devisen, at hvis alle g\u00f8r det s\u00e5 godt de kan, s\u00e5 er vi p\u00e5 rette vej i arbejdet med at skabe en mere b\u00e6redygtig verden. For vores del handler det om, at vi alltid, for s\u00e5 vidt det er muligt, fors\u00f8ger at arbejde med kunder, som har en gennemarbejdet plan for milj\u00f8 og b\u00e6redygtighed, at vi k\u00f8rer alle vores lokale arbejdsrejser i el-biler, prioriterer tog f\u00f8r fly s\u00e5 vidt det er muligt og gennemf\u00f8rer majoriteten af vores m\u00f8der digitalt fremfor at skulle flytte os fysisk.<\/p>\n<p class=\"front-cover-text\" style=\"text-align: center;\">Derudover opdaterer vi os l\u00f8bende omkring de seneste fremskridt inden for b\u00e6redygtighed \u2013 b\u00e5de gennem foredrag og gennem diverse rapporter omkring emnet. Hvis alle g\u00f8r lidt, s\u00e5 bliver den totale effekt enorm og s\u00e5 bidrager vi alle til at g\u00f8re verden til et bedre sted.<\/p>\n<p>[\/et_pb_text][\/et_pb_column][\/et_pb_row][\/et_pb_section]<\/p>\n","protected":false},"excerpt":{"rendered":"<p>OM OS | OMNISTAFF 3 forretningsomr\u00e5der6 industrisegmenter14 ekspertiseomr\u00e5der5 europ\u00e6iske markeder\u201dOMNISTAFF ER IKKE EN LOKAL REKRUTTERINGSVIRKSOMHED \u2013 VI ER EN NORDISK KOMPETENCEVIRKSOMHED.\u201dFor os er det ikke vigtigt, hvordan du, som kunde, beh\u00f8ver hj\u00e6lp med at l\u00f8se et kompetencebehov \u2013 det eneste vi bekymrer os om er, at du finder den kompetence du s\u00f8ger. Derfor har vi [&hellip;]<\/p>\n","protected":false},"author":2,"featured_media":0,"parent":0,"menu_order":0,"comment_status":"closed","ping_status":"closed","template":"","meta":{"_et_pb_use_builder":"on","_et_pb_old_content":"","_et_gb_content_width":"","footnotes":""},"difl_page_category":[],"class_list":["post-2742","page","type-page","status-publish","hentry"],"yoast_head":"<!-- This site is optimized with the Yoast SEO plugin v27.5 - https:\/\/yoast.com\/product\/yoast-seo-wordpress\/ -->\n<title>Om os | OMNISTAFF<\/title>\n<meta name=\"description\" content=\"For os er det ikke vigtigt, hvordan du, som kunde, beh\u00f8ver hj\u00e6lp med at l\u00f8se et kompetencebehov \u2013 det eneste vi bekymrer os om er, at du finder den kompetence du s\u00f8ger.\" \/>\n<meta name=\"robots\" content=\"index, follow, max-snippet:-1, max-image-preview:large, max-video-preview:-1\" \/>\n<link rel=\"canonical\" href=\"https:\/\/omnistaff.se\/da\/om-os\/\" \/>\n<meta property=\"og:locale\" content=\"da_DK\" \/>\n<meta property=\"og:type\" content=\"article\" \/>\n<meta property=\"og:title\" content=\"Om os | OMNISTAFF\" \/>\n<meta property=\"og:description\" content=\"For os er det ikke vigtigt, hvordan du, som kunde, beh\u00f8ver hj\u00e6lp med at l\u00f8se et kompetencebehov \u2013 det eneste vi bekymrer os om er, at du finder den kompetence du s\u00f8ger.\" \/>\n<meta property=\"og:url\" content=\"https:\/\/omnistaff.se\/da\/om-os\/\" \/>\n<meta property=\"og:site_name\" content=\"Omnistaff\" \/>\n<meta property=\"article:modified_time\" content=\"2026-02-03T20:02:24+00:00\" \/>\n<meta name=\"twitter:card\" content=\"summary_large_image\" \/>\n<meta name=\"twitter:label1\" content=\"Estimeret l\u00e6setid\" \/>\n\t<meta name=\"twitter:data1\" content=\"3 minutter\" \/>\n<script type=\"application\/ld+json\" class=\"yoast-schema-graph\">{\"@context\":\"https:\\\/\\\/schema.org\",\"@graph\":[{\"@type\":\"WebPage\",\"@id\":\"https:\\\/\\\/omnistaff.se\\\/da\\\/om-os\\\/\",\"url\":\"https:\\\/\\\/omnistaff.se\\\/da\\\/om-os\\\/\",\"name\":\"Om os | OMNISTAFF\",\"isPartOf\":{\"@id\":\"https:\\\/\\\/omnistaff.se\\\/#website\"},\"datePublished\":\"2023-05-02T15:16:16+00:00\",\"dateModified\":\"2026-02-03T20:02:24+00:00\",\"description\":\"For os er det ikke vigtigt, hvordan du, som kunde, beh\u00f8ver hj\u00e6lp med at l\u00f8se et kompetencebehov \u2013 det eneste vi bekymrer os om er, at du finder den kompetence du s\u00f8ger.\",\"breadcrumb\":{\"@id\":\"https:\\\/\\\/omnistaff.se\\\/da\\\/om-os\\\/#breadcrumb\"},\"inLanguage\":\"da-DK\",\"potentialAction\":[{\"@type\":\"ReadAction\",\"target\":[\"https:\\\/\\\/omnistaff.se\\\/da\\\/om-os\\\/\"]}]},{\"@type\":\"BreadcrumbList\",\"@id\":\"https:\\\/\\\/omnistaff.se\\\/da\\\/om-os\\\/#breadcrumb\",\"itemListElement\":[{\"@type\":\"ListItem\",\"position\":1,\"name\":\"Home\",\"item\":\"https:\\\/\\\/omnistaff.se\\\/da\\\/\"},{\"@type\":\"ListItem\",\"position\":2,\"name\":\"Om os\"}]},{\"@type\":\"WebSite\",\"@id\":\"https:\\\/\\\/omnistaff.se\\\/#website\",\"url\":\"https:\\\/\\\/omnistaff.se\\\/\",\"name\":\"Omnistaff\",\"description\":\"\",\"potentialAction\":[{\"@type\":\"SearchAction\",\"target\":{\"@type\":\"EntryPoint\",\"urlTemplate\":\"https:\\\/\\\/omnistaff.se\\\/?s={search_term_string}\"},\"query-input\":{\"@type\":\"PropertyValueSpecification\",\"valueRequired\":true,\"valueName\":\"search_term_string\"}}],\"inLanguage\":\"da-DK\"}]}<\/script>\n<!-- \/ Yoast SEO plugin. -->","yoast_head_json":{"title":"Om os | OMNISTAFF","description":"For os er det ikke vigtigt, hvordan du, som kunde, beh\u00f8ver hj\u00e6lp med at l\u00f8se et kompetencebehov \u2013 det eneste vi bekymrer os om er, at du finder den kompetence du s\u00f8ger.","robots":{"index":"index","follow":"follow","max-snippet":"max-snippet:-1","max-image-preview":"max-image-preview:large","max-video-preview":"max-video-preview:-1"},"canonical":"https:\/\/omnistaff.se\/da\/om-os\/","og_locale":"da_DK","og_type":"article","og_title":"Om os | OMNISTAFF","og_description":"For os er det ikke vigtigt, hvordan du, som kunde, beh\u00f8ver hj\u00e6lp med at l\u00f8se et kompetencebehov \u2013 det eneste vi bekymrer os om er, at du finder den kompetence du s\u00f8ger.","og_url":"https:\/\/omnistaff.se\/da\/om-os\/","og_site_name":"Omnistaff","article_modified_time":"2026-02-03T20:02:24+00:00","twitter_card":"summary_large_image","twitter_misc":{"Estimeret l\u00e6setid":"3 minutter"},"schema":{"@context":"https:\/\/schema.org","@graph":[{"@type":"WebPage","@id":"https:\/\/omnistaff.se\/da\/om-os\/","url":"https:\/\/omnistaff.se\/da\/om-os\/","name":"Om os | OMNISTAFF","isPartOf":{"@id":"https:\/\/omnistaff.se\/#website"},"datePublished":"2023-05-02T15:16:16+00:00","dateModified":"2026-02-03T20:02:24+00:00","description":"For os er det ikke vigtigt, hvordan du, som kunde, beh\u00f8ver hj\u00e6lp med at l\u00f8se et kompetencebehov \u2013 det eneste vi bekymrer os om er, at du finder den kompetence du s\u00f8ger.","breadcrumb":{"@id":"https:\/\/omnistaff.se\/da\/om-os\/#breadcrumb"},"inLanguage":"da-DK","potentialAction":[{"@type":"ReadAction","target":["https:\/\/omnistaff.se\/da\/om-os\/"]}]},{"@type":"BreadcrumbList","@id":"https:\/\/omnistaff.se\/da\/om-os\/#breadcrumb","itemListElement":[{"@type":"ListItem","position":1,"name":"Home","item":"https:\/\/omnistaff.se\/da\/"},{"@type":"ListItem","position":2,"name":"Om os"}]},{"@type":"WebSite","@id":"https:\/\/omnistaff.se\/#website","url":"https:\/\/omnistaff.se\/","name":"Omnistaff","description":"","potentialAction":[{"@type":"SearchAction","target":{"@type":"EntryPoint","urlTemplate":"https:\/\/omnistaff.se\/?s={search_term_string}"},"query-input":{"@type":"PropertyValueSpecification","valueRequired":true,"valueName":"search_term_string"}}],"inLanguage":"da-DK"}]}},"_links":{"self":[{"href":"https:\/\/omnistaff.se\/da\/wp-json\/wp\/v2\/pages\/2742","targetHints":{"allow":["GET"]}}],"collection":[{"href":"https:\/\/omnistaff.se\/da\/wp-json\/wp\/v2\/pages"}],"about":[{"href":"https:\/\/omnistaff.se\/da\/wp-json\/wp\/v2\/types\/page"}],"author":[{"embeddable":true,"href":"https:\/\/omnistaff.se\/da\/wp-json\/wp\/v2\/users\/2"}],"replies":[{"embeddable":true,"href":"https:\/\/omnistaff.se\/da\/wp-json\/wp\/v2\/comments?post=2742"}],"version-history":[{"count":19,"href":"https:\/\/omnistaff.se\/da\/wp-json\/wp\/v2\/pages\/2742\/revisions"}],"predecessor-version":[{"id":4606,"href":"https:\/\/omnistaff.se\/da\/wp-json\/wp\/v2\/pages\/2742\/revisions\/4606"}],"wp:attachment":[{"href":"https:\/\/omnistaff.se\/da\/wp-json\/wp\/v2\/media?parent=2742"}],"wp:term":[{"taxonomy":"difl_page_category","embeddable":true,"href":"https:\/\/omnistaff.se\/da\/wp-json\/wp\/v2\/difl_page_category?post=2742"}],"curies":[{"name":"wp","href":"https:\/\/api.w.org\/{rel}","templated":true}]}}