{"id":2733,"date":"2023-05-05T15:47:11","date_gmt":"2023-05-05T13:47:11","guid":{"rendered":"https:\/\/omnistaff.se\/integritetspolicy\/"},"modified":"2025-03-12T09:00:57","modified_gmt":"2025-03-12T08:00:57","slug":"integritetspolicy","status":"publish","type":"page","link":"https:\/\/omnistaff.se\/da\/integritetspolicy\/","title":{"rendered":"Integritetspolicy"},"content":{"rendered":"<p>[et_pb_section fb_built=&#8221;1&#8243; _builder_version=&#8221;4.21.0&#8243; _module_preset=&#8221;default&#8221; background_enable_image=&#8221;off&#8221; parallax=&#8221;on&#8221; parallax_method=&#8221;off&#8221; global_colors_info=&#8221;{}&#8221;][et_pb_row _builder_version=&#8221;4.21.0&#8243; _module_preset=&#8221;default&#8221; background_color=&#8221;#FFFFFF&#8221; max_width=&#8221;1600px&#8221; module_alignment=&#8221;center&#8221; custom_padding=&#8221;100px|50px|100px|50px|true|true&#8221; box_shadow_style=&#8221;preset3&#8243; global_colors_info=&#8221;{}&#8221;][et_pb_column type=&#8221;4_4&#8243; _builder_version=&#8221;4.21.0&#8243; _module_preset=&#8221;default&#8221; global_colors_info=&#8221;{}&#8221;][et_pb_text _builder_version=&#8221;4.21.0&#8243; _module_preset=&#8221;default&#8221; link_font=&#8221;||||on||||&#8221; link_text_color=&#8221;#000000&#8243; global_colors_info=&#8221;{}&#8221;]<\/p>\n<h1><strong>OMNISTAFF \u2013 Integritetspolicy (Privacy Policy)<\/strong><\/h1>\n<p><strong><\/strong><\/p>\n<p><strong><\/strong><\/p>\n<p><strong>2021-04-27<\/strong><strong> <\/strong><\/p>\n<p><strong>Privatlivspolitik for rekruttering gennem Teamtailor<\/strong><\/p>\n<p>Tjenesten til h\u00e5ndtering af rekruttering og forenkling af ans\u00e6ttelsesprocessen (&#8220;tjenesten&#8221;) drives af Teamtailor p\u00e5 vegne af Omnistaff (&#8220;controller&#8221; &#8220;vi&#8221; &#8220;os&#8221; osv.). Det er vigtigt, at de personer, der bruger tjenesten (&#8220;brugere&#8221;), er trygge ved og informerede om, hvordan vi h\u00e5ndterer brugerens personlige data i rekrutteringsprocessen. Vi bestr\u00e6ber os p\u00e5 at opretholde de h\u00f8jest mulige standarder for beskyttelse af personoplysninger. Vi behandler, h\u00e5ndterer, bruger og beskytter brugerens personlige data i overensstemmelse med denne privatlivspolitik (&#8220;Privatlivspolitik&#8221;).<\/p>\n<ol>\n<li><strong>Generelt<\/strong><\/li>\n<\/ol>\n<p>Vi er den dataansvarlige i overensstemmelse med den g\u00e6ldende persondatalovgivning. Brugernes personlige data behandles med det form\u00e5l at administrere og lette rekrutteringen af medarbejdere til vores organisation.<\/p>\n<ol start=\"2\">\n<li><strong>Indsamling af personlige data<\/strong><\/li>\n<\/ol>\n<p>Vi er ansvarlige for behandlingen af de personlige data, som brugerne bidrager med til tjenesten, eller for de personlige data, som vi p\u00e5 anden m\u00e5de indsamler i forbindelse med tjenesten.<\/p>\n<p><em>Hvorn\u00e5r og hvordan vi indsamler personlige data<\/em><br \/>Vi indsamler personlige data om brugere fra brugere, n\u00e5r brugere;<\/p>\n<ul>\n<li>ans\u00f8ger via Tjenesten eller p\u00e5 anden m\u00e5de tilf\u00f8jer personlige data om sig selv personligt eller ved hj\u00e6lp af en tredjepart, f.eks. en virksomhed eller organisation. ex. Facebook eller LinkedIn;<\/li>\n<li>bruger tjenesten til at komme i kontakt med vores personale ved at tilf\u00f8je personlige data om sig selv eller ved at bruge en tredjepart, s\u00e5som Facebook eller LinkedIn; og<\/li>\n<li>leverer identificerbare data i chatten (leveret via hjemmesiden ved hj\u00e6lp af tjenesten) og s\u00e5danne data, som er relevante for ans\u00f8gningsproceduren.<\/li>\n<\/ul>\n<p>Vi indsamler data fra tredjeparter, s\u00e5som Facebook, LinkedIn og andre offentlige kilder. Dette kaldes &#8220;Sourcing&#8221; og udf\u00f8res manuelt af vores medarbejdere eller automatisk i tjenesten.<\/p>\n<p>I nogle tilf\u00e6lde kan eksisterende medarbejdere komme med anbefalinger om potentielle jobans\u00f8gere. S\u00e5danne medarbejdere vil tilf\u00f8je personlige data om potentielle jobans\u00f8gere. Hvis dette sker, betragtes den potentielle jobans\u00f8ger som en bruger i henhold til denne privatlivspolitik og vil blive informeret om behandlingen.<\/p>\n<p><em>Kategorier af indsamlede og behandlede personoplysninger<\/em><br \/>De kategorier af personoplysninger, der kan indsamles via tjenesten, kan bruges til at identificere fysiske personer ud fra navne, e-mails, billeder og videoer, oplysninger fra Facebook- og LinkedIn-konti, svar p\u00e5 sp\u00f8rgsm\u00e5l, der stilles gennem rekruttering, titler, uddannelse og andre oplysninger, som brugeren eller andre giver via tjenesten. Kun persondata, der er relevante for rekrutteringsprocessen, indsamles og behandles.<\/p>\n<p><em>Form\u00e5l og lovlighed af behandlingen<\/em><br \/>Form\u00e5let med at indsamle og behandle personoplysninger er at administrere rekruttering. Lovligheden af behandlingen af personoplysninger er vores legitime interesse i at forenkle og lette rekrutteringen.<\/p>\n<p>Personoplysninger, der behandles med henblik p\u00e5 aggregerede analyser eller markedsunders\u00f8gelser, g\u00f8res altid ikke-identificerbare. S\u00e5danne personlige data kan ikke bruges til at identificere en bestemt bruger. S\u00e5danne personoplysninger betragtes derfor ikke som persondata.<\/p>\n<p><em>Samtykke fra den registrerede<\/em><br \/>Brugeren giver samtykke til behandling af personoplysninger til den dataansvarliges form\u00e5l med at administrere rekruttering. Brugeren giver samtykke til indsamling af personoplysninger via tjenesten, n\u00e5r brugeren;<\/p>\n<ul>\n<li>laver en ans\u00f8gning via tjenesten og tilf\u00f8jer personlige data om sig selv personligt eller ved at bruge en tredjepart som Facebook eller LinkedIn, og at den dataansvarlige kan bruge eksterne sourcingv\u00e6rkt\u00f8jer til at tilf\u00f8je yderligere oplysninger; og<\/li>\n<li>bruger tjenesten til at oprette forbindelse til den dataansvarliges rekrutteringsafdeling og tilf\u00f8jer personoplysninger om sig selv personligt eller ved hj\u00e6lp af en tredjepartskilde som Facebook eller LinkedIn.<\/li>\n<\/ul>\n<p>Brugeren giver ogs\u00e5 samtykke til, at den dataansvarlige indsamler offentligt tilg\u00e6ngelige oplysninger om brugeren og sammenstiller dem til brug i rekrutterings\u00f8jemed.<\/p>\n<p>Brugeren giver samtykke til behandling af personoplysninger indsamlet som beskrevet ovenfor. a) og b) behandles i overensstemmelse med afsnittene nedenfor Opbevaring og overf\u00f8rsel og Varighed af behandling af personoplysninger.<\/p>\n<p>Brugere har til enhver tid ret til at tr\u00e6kke deres samtykke tilbage ved at kontakte den dataansvarlige ved hj\u00e6lp af kontaktoplysningerne i afsnit 9. Ud\u00f8velsen af denne ret kan dog forhindre brugeren i at ans\u00f8ge om et bestemt job eller p\u00e5 anden m\u00e5de bruge tjenesten.<\/p>\n<p><em>Opbevaring og transmission<\/em><br \/>De personoplysninger, der indsamles via tjenesten, opbevares og behandles inden for EU\/E\u00d8S, i et tredjeland, der af Europa-Kommissionen anses for at have et tilstr\u00e6kkeligt beskyttelsesniveau, eller behandles af s\u00e5danne udbydere, der har indg\u00e5et s\u00e5danne bindende aftaler, der fuldt ud opfylder lovligheden af overf\u00f8rsler til tredjelande (s\u00e5som Privacy Shield) eller til andre udbydere, hvor der er tilstr\u00e6kkelige sikkerhedsforanstaltninger p\u00e5 plads for at sikre de registreredes rettigheder. For at f\u00e5 dokumentation for s\u00e5danne sikkerhedsforanstaltninger bedes du kontakte os via de kontaktoplysninger, der er angivet i afsnit 9.<\/p>\n<p><em>Hvor l\u00e6nge personoplysningerne behandles<\/em><br \/>S\u00e5 l\u00e6nge en bruger ikke skriftligt g\u00f8r indsigelse mod behandlingen af hans\/hendes personoplysninger, vil personoplysningerne blive opbevaret og behandlet af os, s\u00e5 l\u00e6nge vi anser det for n\u00f8dvendigt til de form\u00e5l, der er angivet ovenfor. Bem\u00e6rk venligst, at en jobans\u00f8ger (bruger) kan v\u00e6re af interesse for fremtidig rekruttering, og til dette form\u00e5l kan vi gemme brugerens personlige data, s\u00e5 l\u00e6nge de anses for at v\u00e6re interessante for potentiel rekruttering. Hvis du som bruger \u00f8nsker, at dine personlige data ikke behandles til dette form\u00e5l (fremtidig rekruttering), bedes du kontakte os via kontaktoplysningerne i afsnit 9.<\/p>\n<ol start=\"3\">\n<li><strong>Brugerrettigheder<\/strong><\/li>\n<\/ol>\n<p>Brugere har ret til at anmode om oplysninger om de personlige data, der behandles af os, ved at underrette os skriftligt ved hj\u00e6lp af kontaktoplysningerne i afsnit 9 nedenfor. Brugere har ret til en (1) kopi af de behandlede personlige data, der tilh\u00f8rer dem, uden beregning. For yderligere kopier har den dataansvarlige ret til at opkr\u00e6ve et rimeligt gebyr baseret p\u00e5 de administrative omkostninger ved en s\u00e5dan anmodning.<\/p>\n<p>Brugere har om n\u00f8dvendigt ret til at rette un\u00f8jagtige personoplysninger om den p\u00e5g\u00e6ldende bruger ved at anmode om en s\u00e5dan rettelse skriftligt ved hj\u00e6lp af kontaktoplysningerne i afsnit 9 nedenfor.<\/p>\n<p>Brugeren har ret til at anmode om sletning eller begr\u00e6nsning af behandling, og retten til at g\u00f8re indsigelse mod behandling baseret p\u00e5 legitim interesse under visse omst\u00e6ndigheder.<\/p>\n<p>Brugeren har ret til at tilbagekalde ethvert samtykke til behandling, som brugeren har givet til den dataansvarlige. Ud\u00f8velse af denne ret kan dog betyde, at brugeren ikke kan ans\u00f8ge om et bestemt job eller p\u00e5 anden m\u00e5de bruge tjenesten.<\/p>\n<p>Under visse omst\u00e6ndigheder har brugere ret til at overf\u00f8re deres personlige data (dataportabilitet), hvilket betyder retten til at f\u00e5 deres personlige data og overf\u00f8re dem til en anden controller, s\u00e5 l\u00e6nge dette ikke p\u00e5virker andres rettigheder og friheder negativt.<\/p>\n<p>Brugeren har ret til at indgive en klage til tilsynsmyndigheden vedr\u00f8rende behandlingen af hans\/hendes personlige data, hvis brugeren mener, at behandlingen af hans\/hendes personlige data overtr\u00e6der g\u00e6ldende persondatalovgivning.<\/p>\n<ol start=\"4\">\n<li><strong>Sikkerhed<\/strong><\/li>\n<\/ol>\n<p>Vi prioriterer privatlivets fred og arbejder derfor aktivt for at sikre, at brugernes personlige data behandles med den st\u00f8rste omhu. Vi tager de skridt, der med rimelighed er n\u00f8dvendige for at sikre, at brugernes personlige data behandles sikkert og i overensstemmelse med denne fortrolighedspolitik og GDPR.<\/p>\n<p>Overf\u00f8rsel af information via internettet og mobilnetv\u00e6rk kan dog aldrig v\u00e6re helt risikofri, s\u00e5 al overf\u00f8rsel sker p\u00e5 eget ansvar. Det er vigtigt, at brugerne ogs\u00e5 tager ansvar for at sikre, at deres data er beskyttet. Det er brugerens ansvar at sikre, at hans\/hendes loginoplysninger holdes fortrolige.<\/p>\n<ol start=\"5\">\n<li><strong>Overf\u00f8rsel af personlige data til tredjeparter<\/strong><\/li>\n<\/ol>\n<p>Vi vil ikke s\u00e6lge eller overf\u00f8re brugernes personlige data til tredjeparter.<\/p>\n<p>Vi kan dog overf\u00f8re personoplysninger til;<\/p>\n<ul>\n<li>vores leverand\u00f8rer og underleverand\u00f8rer, i deres rolle som databehandlere og underdatabehandlere, i henhold til vores instruktioner, til levering af tjenesten;<\/li>\n<li>myndigheder eller juridiske r\u00e5dgivere i tilf\u00e6lde af mistanke om kriminalitet eller upassende adf\u00e6rd; og<\/li>\n<li>myndigheder, juridiske r\u00e5dgivere eller andre organisationer, hvis vi er forpligtet til at g\u00f8re det ved lov eller ved beslutning fra myndigheden.<\/li>\n<\/ul>\n<p>Vi overf\u00f8rer kun brugernes personlige data til betroede tredjeparter. Vi udv\u00e6lger omhyggeligt partnere for at sikre, at brugerens personlige data behandles i overensstemmelse med g\u00e6ldende databeskyttelseslovgivning. Vi samarbejder med f\u00f8lgende kategorier af databehandlere: Teamtailor, som leverer tjenesten, server- og hostingfirmaer, e-mail-leveringsfirmaer, videobehandlingsfirmaer, informationsindhentningsfirmaer, analytiske servicefirmaer og andre virksomheder, der er relateret til levering af tjenesten.<\/p>\n<ol start=\"6\">\n<li><strong>Aggregerede data (ikke-identificerbare personlige data)<\/strong><\/li>\n<\/ol>\n<p>Vi kan dele aggregerede oplysninger med tredjeparter. I et s\u00e5dant tilf\u00e6lde er de aggregerede oplysninger sammensat af oplysninger indsamlet via tjenesten og kan f.eks. best\u00e5 af internettrafikstatistikker eller den geografiske placering af brugen af tjenesten. Aggregerede oplysninger indeholder ikke oplysninger, der kan henf\u00f8res til en bestemt person, og udg\u00f8r derfor ikke personoplysninger.<\/p>\n<ol start=\"7\">\n<li><strong>Cookies<\/strong><\/li>\n<\/ol>\n<p>N\u00e5r brugerne anvender tjenesten, gemmes oplysninger om deres brug via cookies. Cookies er passive tekstfiler, der gemmes af browseren p\u00e5 brugerens enhed, f.eks. en computer, mobiltelefon eller tablet, n\u00e5r der oprettes forbindelse til tjenesten. Vi bruger cookies til at lette brugerens brug af tjenesten og til at indsamle oplysninger som f.eks. statistik om brugerens brug af tjenesten. Dette g\u00f8res for at sikre, vedligeholde og forbedre tjenesten. De oplysninger, der indhentes fra cookies, kan ogs\u00e5 udg\u00f8re personoplysninger, og i s\u00e5 fald er behandlingen underlagt vores <a href=\"https:\/\/omnistaff.teamtailor.com\/cookie_policy\" target=\"_blank\" rel=\"noopener\">cookiepolitik<\/a>.<\/p>\n<p>Brugere kan til enhver tid afvise brugen af cookies ved at \u00e6ndre indstillingerne p\u00e5 deres enhed. Men hvis det sker, kan brugerens oplevelse af tjenesten blive forringet, f.eks. ved at visse funktioner i tjenesten ikke l\u00e6ngere er tilg\u00e6ngelige.<\/p>\n<ol start=\"8\">\n<li><strong>\u00c6ndringer<\/strong><\/li>\n<\/ol>\n<p>Vi har ret til at foretage \u00e6ndringer eller tilf\u00f8jelser til privatlivspolitikken til enhver tid. Den seneste version af privatlivspolitikken vil altid v\u00e6re tilg\u00e6ngelig via tjenesten. En ny version anses for at v\u00e6re kommunikeret til brugerne, n\u00e5r brugeren enten har modtaget en e-mail, der informerer brugeren om den nye version (ved hj\u00e6lp af den e-mailadresse, der er angivet af brugeren, n\u00e5r han bruger tjenesten), eller n\u00e5r brugeren p\u00e5 anden m\u00e5de er informeret om den nye privatlivspolitik.<\/p>\n<p>9. <strong>Kontakt os<\/strong> <\/p>\n<p>For sp\u00f8rgsm\u00e5l, yderligere oplysninger om vores h\u00e5ndtering af personoplysninger eller for at kontakte os om andre forhold, bedes du bruge f\u00f8lgende kontaktoplysninger; Omnistaff charlotta@omnistaff.se<\/p>\n<p>[\/et_pb_text][\/et_pb_column][\/et_pb_row][\/et_pb_section]<\/p>\n","protected":false},"excerpt":{"rendered":"<p>OMNISTAFF \u2013 Integritetspolicy (Privacy Policy) 2021-04-27 Privatlivspolitik for rekruttering gennem Teamtailor Tjenesten til h\u00e5ndtering af rekruttering og forenkling af ans\u00e6ttelsesprocessen (&#8220;tjenesten&#8221;) drives af Teamtailor p\u00e5 vegne af Omnistaff (&#8220;controller&#8221; &#8220;vi&#8221; &#8220;os&#8221; osv.). Det er vigtigt, at de personer, der bruger tjenesten (&#8220;brugere&#8221;), er trygge ved og informerede om, hvordan vi h\u00e5ndterer brugerens personlige data i [&hellip;]<\/p>\n","protected":false},"author":2,"featured_media":0,"parent":0,"menu_order":0,"comment_status":"closed","ping_status":"closed","template":"","meta":{"_et_pb_use_builder":"on","_et_pb_old_content":"","_et_gb_content_width":"","footnotes":""},"difl_page_category":[],"class_list":["post-2733","page","type-page","status-publish","hentry"],"yoast_head":"<!-- This site is optimized with the Yoast SEO plugin v27.4 - https:\/\/yoast.com\/product\/yoast-seo-wordpress\/ -->\n<title>Integritetspolicy | OMNISTAFF<\/title>\n<meta name=\"description\" content=\"Omnistaff: en kompetencevirksomhed i tiden. Du er velkommen til at l\u00e6se vores privatlivspolitik med oplysninger om, hvordan vi behandler personlige data. Klik her.\" \/>\n<meta name=\"robots\" content=\"index, follow, max-snippet:-1, max-image-preview:large, max-video-preview:-1\" \/>\n<link rel=\"canonical\" href=\"https:\/\/omnistaff.se\/da\/integritetspolicy\/\" \/>\n<meta property=\"og:locale\" content=\"da_DK\" \/>\n<meta property=\"og:type\" content=\"article\" \/>\n<meta property=\"og:title\" content=\"Integritetspolicy | OMNISTAFF\" \/>\n<meta property=\"og:description\" content=\"Omnistaff: en kompetencevirksomhed i tiden. Du er velkommen til at l\u00e6se vores privatlivspolitik med oplysninger om, hvordan vi behandler personlige data. Klik her.\" \/>\n<meta property=\"og:url\" content=\"https:\/\/omnistaff.se\/da\/integritetspolicy\/\" \/>\n<meta property=\"og:site_name\" content=\"Omnistaff\" \/>\n<meta property=\"article:modified_time\" content=\"2025-03-12T08:00:57+00:00\" \/>\n<meta name=\"twitter:card\" content=\"summary_large_image\" \/>\n<meta name=\"twitter:label1\" content=\"Estimeret l\u00e6setid\" \/>\n\t<meta name=\"twitter:data1\" content=\"8 minutter\" \/>\n<script type=\"application\/ld+json\" class=\"yoast-schema-graph\">{\"@context\":\"https:\\\/\\\/schema.org\",\"@graph\":[{\"@type\":\"WebPage\",\"@id\":\"https:\\\/\\\/omnistaff.se\\\/da\\\/integritetspolicy\\\/\",\"url\":\"https:\\\/\\\/omnistaff.se\\\/da\\\/integritetspolicy\\\/\",\"name\":\"Integritetspolicy | OMNISTAFF\",\"isPartOf\":{\"@id\":\"https:\\\/\\\/omnistaff.se\\\/#website\"},\"datePublished\":\"2023-05-05T13:47:11+00:00\",\"dateModified\":\"2025-03-12T08:00:57+00:00\",\"description\":\"Omnistaff: en kompetencevirksomhed i tiden. Du er velkommen til at l\u00e6se vores privatlivspolitik med oplysninger om, hvordan vi behandler personlige data. Klik her.\",\"breadcrumb\":{\"@id\":\"https:\\\/\\\/omnistaff.se\\\/da\\\/integritetspolicy\\\/#breadcrumb\"},\"inLanguage\":\"da-DK\",\"potentialAction\":[{\"@type\":\"ReadAction\",\"target\":[\"https:\\\/\\\/omnistaff.se\\\/da\\\/integritetspolicy\\\/\"]}]},{\"@type\":\"BreadcrumbList\",\"@id\":\"https:\\\/\\\/omnistaff.se\\\/da\\\/integritetspolicy\\\/#breadcrumb\",\"itemListElement\":[{\"@type\":\"ListItem\",\"position\":1,\"name\":\"Home\",\"item\":\"https:\\\/\\\/omnistaff.se\\\/da\\\/\"},{\"@type\":\"ListItem\",\"position\":2,\"name\":\"Integritetspolicy\"}]},{\"@type\":\"WebSite\",\"@id\":\"https:\\\/\\\/omnistaff.se\\\/#website\",\"url\":\"https:\\\/\\\/omnistaff.se\\\/\",\"name\":\"Omnistaff\",\"description\":\"\",\"potentialAction\":[{\"@type\":\"SearchAction\",\"target\":{\"@type\":\"EntryPoint\",\"urlTemplate\":\"https:\\\/\\\/omnistaff.se\\\/?s={search_term_string}\"},\"query-input\":{\"@type\":\"PropertyValueSpecification\",\"valueRequired\":true,\"valueName\":\"search_term_string\"}}],\"inLanguage\":\"da-DK\"}]}<\/script>\n<!-- \/ Yoast SEO plugin. -->","yoast_head_json":{"title":"Integritetspolicy | OMNISTAFF","description":"Omnistaff: en kompetencevirksomhed i tiden. Du er velkommen til at l\u00e6se vores privatlivspolitik med oplysninger om, hvordan vi behandler personlige data. Klik her.","robots":{"index":"index","follow":"follow","max-snippet":"max-snippet:-1","max-image-preview":"max-image-preview:large","max-video-preview":"max-video-preview:-1"},"canonical":"https:\/\/omnistaff.se\/da\/integritetspolicy\/","og_locale":"da_DK","og_type":"article","og_title":"Integritetspolicy | OMNISTAFF","og_description":"Omnistaff: en kompetencevirksomhed i tiden. Du er velkommen til at l\u00e6se vores privatlivspolitik med oplysninger om, hvordan vi behandler personlige data. Klik her.","og_url":"https:\/\/omnistaff.se\/da\/integritetspolicy\/","og_site_name":"Omnistaff","article_modified_time":"2025-03-12T08:00:57+00:00","twitter_card":"summary_large_image","twitter_misc":{"Estimeret l\u00e6setid":"8 minutter"},"schema":{"@context":"https:\/\/schema.org","@graph":[{"@type":"WebPage","@id":"https:\/\/omnistaff.se\/da\/integritetspolicy\/","url":"https:\/\/omnistaff.se\/da\/integritetspolicy\/","name":"Integritetspolicy | OMNISTAFF","isPartOf":{"@id":"https:\/\/omnistaff.se\/#website"},"datePublished":"2023-05-05T13:47:11+00:00","dateModified":"2025-03-12T08:00:57+00:00","description":"Omnistaff: en kompetencevirksomhed i tiden. Du er velkommen til at l\u00e6se vores privatlivspolitik med oplysninger om, hvordan vi behandler personlige data. Klik her.","breadcrumb":{"@id":"https:\/\/omnistaff.se\/da\/integritetspolicy\/#breadcrumb"},"inLanguage":"da-DK","potentialAction":[{"@type":"ReadAction","target":["https:\/\/omnistaff.se\/da\/integritetspolicy\/"]}]},{"@type":"BreadcrumbList","@id":"https:\/\/omnistaff.se\/da\/integritetspolicy\/#breadcrumb","itemListElement":[{"@type":"ListItem","position":1,"name":"Home","item":"https:\/\/omnistaff.se\/da\/"},{"@type":"ListItem","position":2,"name":"Integritetspolicy"}]},{"@type":"WebSite","@id":"https:\/\/omnistaff.se\/#website","url":"https:\/\/omnistaff.se\/","name":"Omnistaff","description":"","potentialAction":[{"@type":"SearchAction","target":{"@type":"EntryPoint","urlTemplate":"https:\/\/omnistaff.se\/?s={search_term_string}"},"query-input":{"@type":"PropertyValueSpecification","valueRequired":true,"valueName":"search_term_string"}}],"inLanguage":"da-DK"}]}},"_links":{"self":[{"href":"https:\/\/omnistaff.se\/da\/wp-json\/wp\/v2\/pages\/2733","targetHints":{"allow":["GET"]}}],"collection":[{"href":"https:\/\/omnistaff.se\/da\/wp-json\/wp\/v2\/pages"}],"about":[{"href":"https:\/\/omnistaff.se\/da\/wp-json\/wp\/v2\/types\/page"}],"author":[{"embeddable":true,"href":"https:\/\/omnistaff.se\/da\/wp-json\/wp\/v2\/users\/2"}],"replies":[{"embeddable":true,"href":"https:\/\/omnistaff.se\/da\/wp-json\/wp\/v2\/comments?post=2733"}],"version-history":[{"count":6,"href":"https:\/\/omnistaff.se\/da\/wp-json\/wp\/v2\/pages\/2733\/revisions"}],"predecessor-version":[{"id":4086,"href":"https:\/\/omnistaff.se\/da\/wp-json\/wp\/v2\/pages\/2733\/revisions\/4086"}],"wp:attachment":[{"href":"https:\/\/omnistaff.se\/da\/wp-json\/wp\/v2\/media?parent=2733"}],"wp:term":[{"taxonomy":"difl_page_category","embeddable":true,"href":"https:\/\/omnistaff.se\/da\/wp-json\/wp\/v2\/difl_page_category?post=2733"}],"curies":[{"name":"wp","href":"https:\/\/api.w.org\/{rel}","templated":true}]}}