{"id":2691,"date":"2023-05-15T13:26:26","date_gmt":"2023-05-15T11:26:26","guid":{"rendered":"https:\/\/omnistaff.se\/for-vores-kunder\/"},"modified":"2025-03-07T15:39:40","modified_gmt":"2025-03-07T14:39:40","slug":"for-vores-kunder","status":"publish","type":"page","link":"https:\/\/omnistaff.se\/da\/for-vores-kunder\/","title":{"rendered":"For vores kunder"},"content":{"rendered":"<p>[et_pb_section fb_built=&#8221;1&#8243; admin_label=&#8221;Header&#8221; _builder_version=&#8221;4.21.0&#8243; _module_preset=&#8221;default&#8221; background_enable_image=&#8221;off&#8221; parallax=&#8221;on&#8221; parallax_method=&#8221;off&#8221; collapsed=&#8221;on&#8221; global_colors_info=&#8221;{}&#8221;][et_pb_row custom_padding_last_edited=&#8221;on|phone&#8221; _builder_version=&#8221;4.21.0&#8243; _module_preset=&#8221;default&#8221; background_color=&#8221;#FFFFFF&#8221; max_width=&#8221;1600px&#8221; custom_padding_tablet=&#8221;&#8221; custom_padding_phone=&#8221;||0px||false|false&#8221; global_colors_info=&#8221;{}&#8221;][et_pb_column type=&#8221;4_4&#8243; _builder_version=&#8221;4.20.0&#8243; _module_preset=&#8221;default&#8221; global_colors_info=&#8221;{}&#8221;][et_pb_text _builder_version=&#8221;4.21.0&#8243; _module_preset=&#8221;d9861dc8-948e-4c52-8021-5cb1fb41f668&#8243; header_font_size=&#8221;50px&#8221; custom_margin=&#8221;||10px||false|false&#8221; header_font_size_phone=&#8221;32px&#8221; global_colors_info=&#8221;{}&#8221;]<\/p>\n<h1 style=\"text-align: center;\">FOR VORES KUNDER<\/h1>\n<p>[\/et_pb_text][et_pb_divider color=&#8221;#000000&#8243; divider_style=&#8221;dotted&#8221; _builder_version=&#8221;4.21.0&#8243; _module_preset=&#8221;default&#8221; width=&#8221;50%&#8221; module_alignment=&#8221;center&#8221; custom_margin=&#8221;||0px||false|false&#8221; custom_padding=&#8221;||0px||false|false&#8221; animation_style=&#8221;slide&#8221; locked=&#8221;off&#8221; global_colors_info=&#8221;{}&#8221;][\/et_pb_divider][et_pb_image src=&#8221;https:\/\/omnistaff.se\/wp-content\/uploads\/2023\/05\/Bild-For-Konsulter-maj-21-small-1024&#215;683-1.jpeg&#8221; title_text=&#8221;Konsulenter&#8221; align=&#8221;center&#8221; disabled_on=&#8221;off|off|on&#8221; _builder_version=&#8221;4.21.0&#8243; _module_preset=&#8221;default&#8221; background_color=&#8221;rgba(0,0,0,0.04)&#8221; box_shadow_style=&#8221;preset4&#8243; box_shadow_horizontal=&#8221;0px&#8221; box_shadow_vertical=&#8221;0px&#8221; box_shadow_color=&#8221;rgba(0,0,0,0.05)&#8221; locked=&#8221;off&#8221; global_colors_info=&#8221;{}&#8221; transform_styles__hover_enabled=&#8221;on|hover&#8221; transform_scale__hover=&#8221;90%|90%&#8221; transform_scale__hover_enabled=&#8221;on|hover&#8221; transform_translate__hover_enabled=&#8221;on|desktop&#8221; transform_rotate__hover_enabled=&#8221;on|desktop&#8221; transform_skew__hover_enabled=&#8221;on|desktop&#8221; transform_origin__hover_enabled=&#8221;on|desktop&#8221; box_shadow_spread__hover=&#8221;30px&#8221; box_shadow_spread__hover_enabled=&#8221;on|hover&#8221;][\/et_pb_image][\/et_pb_column][\/et_pb_row][et_pb_row column_structure=&#8221;1_2,1_2&#8243; _builder_version=&#8221;4.21.0&#8243; _module_preset=&#8221;default&#8221; background_color=&#8221;#FFFFFF&#8221; max_width=&#8221;1600px&#8221; global_colors_info=&#8221;{}&#8221;][et_pb_column type=&#8221;1_2&#8243; _builder_version=&#8221;4.21.0&#8243; _module_preset=&#8221;default&#8221; global_colors_info=&#8221;{}&#8221;][et_pb_text _builder_version=&#8221;4.21.0&#8243; _module_preset=&#8221;d9861dc8-948e-4c52-8021-5cb1fb41f668&#8243; header_2_font=&#8221;Cormorant Garamond||||||||&#8221; header_2_text_color=&#8221;#000000&#8243; header_2_line_height=&#8221;1.3em&#8221; custom_margin=&#8221;||10px||false|false&#8221; global_colors_info=&#8221;{}&#8221;]<\/p>\n<h2 style=\"text-align: center;\">VORES KUNDER:<\/h2>\n<p>[\/et_pb_text][et_pb_text _builder_version=&#8221;4.21.0&#8243; _module_preset=&#8221;f80a08ee-ba62-48d7-8413-4a9aca508aab&#8221; link_font=&#8221;||||on||||&#8221; link_text_color=&#8221;#000000&#8243; global_colors_info=&#8221;{}&#8221;]<\/p>\n<p style=\"font-weight: 400; text-align: center;\">Omnistaff styrker din virksomhed med ekspertise inden for tre forskellige forretningsomr\u00e5der.<br \/>L\u00e6s mere om dem nedenfor.<a href=\"https:\/\/omnistaff.se\/da\/forretningsudvikling\/\"><\/a><\/p>\n<p>[\/et_pb_text][et_pb_text disabled_on=&#8221;on|on|on&#8221; _builder_version=&#8221;4.21.0&#8243; _module_preset=&#8221;f80a08ee-ba62-48d7-8413-4a9aca508aab&#8221; link_font=&#8221;||||on||||&#8221; link_text_color=&#8221;#000000&#8243; disabled=&#8221;on&#8221; global_colors_info=&#8221;{}&#8221;]<\/p>\n<p style=\"font-weight: 400;\"><a href=\"https:\/\/omnistaff.se\/da\/rekruttering\/\">Rekruttering<\/a><\/p>\n<p style=\"font-weight: 400;\"><a href=\"https:\/\/omnistaff.se\/da\/konsulentbemanding\/\">Konsulentydelser<\/a><\/p>\n<p style=\"font-weight: 400;\"><a href=\"https:\/\/omnistaff.se\/da\/forretningsudvikling\/\">Forretningsudvikling<\/a><\/p>\n<p>[\/et_pb_text][et_pb_image src=&#8221;https:\/\/omnistaff.se\/wp-content\/uploads\/2023\/06\/networking.jpg&#8221; title_text=&#8221;networking&#8221; _builder_version=&#8221;4.21.0&#8243; _module_preset=&#8221;default&#8221; global_colors_info=&#8221;{}&#8221;][\/et_pb_image][\/et_pb_column][et_pb_column type=&#8221;1_2&#8243; _builder_version=&#8221;4.21.0&#8243; _module_preset=&#8221;default&#8221; global_colors_info=&#8221;{}&#8221;][et_pb_image src=&#8221;https:\/\/omnistaff.se\/wp-content\/uploads\/2023\/05\/Bild-For-Konsulter-maj-21-small-1024&#215;683-1.jpeg&#8221; title_text=&#8221;Konsulenter&#8221; align=&#8221;center&#8221; disabled_on=&#8221;on|on|off&#8221; _builder_version=&#8221;4.21.0&#8243; _module_preset=&#8221;default&#8221; background_color=&#8221;rgba(0,0,0,0.04)&#8221; box_shadow_style=&#8221;preset4&#8243; box_shadow_horizontal=&#8221;0px&#8221; box_shadow_vertical=&#8221;0px&#8221; box_shadow_color=&#8221;rgba(0,0,0,0.05)&#8221; locked=&#8221;off&#8221; global_colors_info=&#8221;{}&#8221; transform_styles__hover_enabled=&#8221;on|hover&#8221; transform_scale__hover=&#8221;90%|90%&#8221; transform_scale__hover_enabled=&#8221;on|hover&#8221; transform_translate__hover_enabled=&#8221;on|desktop&#8221; transform_rotate__hover_enabled=&#8221;on|desktop&#8221; transform_skew__hover_enabled=&#8221;on|desktop&#8221; transform_origin__hover_enabled=&#8221;on|desktop&#8221; box_shadow_spread__hover=&#8221;30px&#8221; box_shadow_spread__hover_enabled=&#8221;on|hover&#8221;][\/et_pb_image][\/et_pb_column][\/et_pb_row][et_pb_row column_structure=&#8221;1_3,1_3,1_3&#8243; use_custom_gutter=&#8221;on&#8221; gutter_width=&#8221;2&#8243; make_equal=&#8221;on&#8221; custom_padding_last_edited=&#8221;on|tablet&#8221; disabled_on=&#8221;off|off|off&#8221; _builder_version=&#8221;4.21.0&#8243; _module_preset=&#8221;default&#8221; background_color=&#8221;#FFFFFF&#8221; width_tablet=&#8221;90%&#8221; width_phone=&#8221;90%&#8221; width_last_edited=&#8221;on|tablet&#8221; max_width=&#8221;1600px&#8221; custom_padding=&#8221;|0px|50px|0px|false|true&#8221; custom_padding_tablet=&#8221;0px||0px||false|false&#8221; custom_padding_phone=&#8221;||0px||false|false&#8221; animation_style=&#8221;slide&#8221; animation_direction=&#8221;bottom&#8221; animation_duration=&#8221;1550ms&#8221; animation_intensity_slide=&#8221;20%&#8221; saved_tabs=&#8221;all&#8221; locked=&#8221;off&#8221; global_colors_info=&#8221;{}&#8221;][et_pb_column type=&#8221;1_3&#8243; _builder_version=&#8221;4.21.0&#8243; _module_preset=&#8221;default&#8221; background_color=&#8221;#FFFFFF&#8221; use_background_color_gradient=&#8221;on&#8221; background_color_gradient_stops=&#8221;rgba(99,49,15,0.68) 0%|rgba(99,49,15,0.68) 100%&#8221; background_color_gradient_overlays_image=&#8221;on&#8221; background_image=&#8221;https:\/\/omnistaff.se\/wp-content\/uploads\/2023\/05\/IMG_5128.jpeg&#8221; custom_padding=&#8221;50px|20px|60px|20px|false|true&#8221; link_option_url=&#8221;https:\/\/omnistaff.se\/da\/rekruttering\/&#8221; custom_css_main_element=&#8221;display: flex;||flex-direction: column;&#8221; border_width_all=&#8221;1px&#8221; border_color_all=&#8221;#000000&#8243; box_shadow_style=&#8221;preset4&#8243; box_shadow_horizontal=&#8221;0px&#8221; box_shadow_vertical=&#8221;0px&#8221; box_shadow_color=&#8221;#F9F9F9&#8243; global_colors_info=&#8221;{}&#8221; background__hover_enabled=&#8221;on|hover&#8221; box_shadow_spread__hover_enabled=&#8221;on|hover&#8221; box_shadow_spread__hover=&#8221;20px&#8221; background_color__hover=&#8221;#F9F9F9&#8243; background_enable_color__hover=&#8221;on&#8221;][et_pb_text _builder_version=&#8221;4.21.0&#8243; _module_preset=&#8221;dc1d8bce-5649-4e79-ab7e-420e182077b2&#8243; header_5_text_color=&#8221;#FFFFFF&#8221; header_5_font_size=&#8221;22px&#8221; header_5_letter_spacing=&#8221;0em&#8221; custom_margin=&#8221;||||false|false&#8221; custom_padding=&#8221;||20px||false|false&#8221; header_5_font_size_tablet=&#8221;35px&#8221; header_5_font_size_phone=&#8221;25px&#8221; header_5_font_size_last_edited=&#8221;on|tablet&#8221; global_colors_info=&#8221;{}&#8221;]<\/p>\n<h5 style=\"text-align: center;\">REKRUTTERING<\/h5>\n<p>[\/et_pb_text][et_pb_text _builder_version=&#8221;4.21.0&#8243; _module_preset=&#8221;c2401e2f-7e36-4a9a-8761-3a5b1dff41c6&#8243; text_font=&#8221;|600|||||||&#8221; text_text_color=&#8221;#FFFFFF&#8221; text_font_size=&#8221;14px&#8221; custom_margin=&#8221;||||false|false&#8221; custom_padding=&#8221;||40px||false|false&#8221; global_colors_info=&#8221;{}&#8221; text_text_color__hover_enabled=&#8221;on|hover&#8221; text_text_color__hover=&#8221;RGBA(255,255,255,0)&#8221;]Vi finder den kandidat du s\u00f8ger via vores omfattende og n\u00f8je opbyggede netv\u00e6rk af st\u00e6rke kandidater med relevant baggrund fra forskellige branche segmenter. For at l\u00e6se mere om, hvilke kompetencer vi rekrutterer og om vores forskellige arbejdsmodeller. Klik p\u00e5 boksen for mere information<br \/>\n[\/et_pb_text][et_pb_button button_url=&#8221;https:\/\/omnistaff.se\/da\/rekruttering\/&#8221; button_text=&#8221;Mere information&#8221; button_alignment=&#8221;center&#8221; _builder_version=&#8221;4.21.0&#8243; _module_preset=&#8221;default&#8221; custom_button=&#8221;on&#8221; button_text_size=&#8221;14px&#8221; button_text_color=&#8221;#FFFFFF&#8221; button_bg_color=&#8221;RGBA(255,255,255,0)&#8221; button_border_width=&#8221;1px&#8221; button_border_radius=&#8221;0px&#8221; button_font=&#8221;|600|||||||&#8221; custom_margin=&#8221;auto||||false|false&#8221; custom_css_main_element=&#8221;width:100%;&#8221; global_colors_info=&#8221;{}&#8221; button_bg_color__hover_enabled=&#8221;on|hover&#8221; button_bg_color__hover=&#8221;#000000&#8243; button_bg_enable_color__hover=&#8221;on&#8221;][\/et_pb_button][\/et_pb_column][et_pb_column type=&#8221;1_3&#8243; _builder_version=&#8221;4.21.0&#8243; _module_preset=&#8221;default&#8221; background_color=&#8221;#FFFFFF&#8221; use_background_color_gradient=&#8221;on&#8221; background_color_gradient_stops=&#8221;rgba(99,49,15,0.68) 0%|rgba(99,49,15,0.68) 100%&#8221; background_color_gradient_overlays_image=&#8221;on&#8221; background_image=&#8221;https:\/\/omnistaff.se\/wp-content\/uploads\/2023\/05\/FB1717E5-6446-46F1-B133-6DE99AE9A968_1_201_a.jpeg&#8221; custom_padding=&#8221;50px|20px|60px|20px|false|true&#8221; link_option_url=&#8221;\/konsultformedling\/&#8221; custom_css_main_element=&#8221;display: flex;||flex-direction: column;&#8221; border_width_all=&#8221;1px&#8221; border_color_all=&#8221;#000000&#8243; box_shadow_style=&#8221;preset4&#8243; box_shadow_horizontal=&#8221;0px&#8221; box_shadow_vertical=&#8221;0px&#8221; box_shadow_color=&#8221;#F9F9F9&#8243; global_colors_info=&#8221;{}&#8221; background__hover_enabled=&#8221;on|hover&#8221; box_shadow_spread__hover=&#8221;20px&#8221; box_shadow_spread__hover_enabled=&#8221;on|hover&#8221; background_color__hover=&#8221;#F9F9F9&#8243; background_enable_color__hover=&#8221;on&#8221;][et_pb_text _builder_version=&#8221;4.21.0&#8243; _module_preset=&#8221;dc1d8bce-5649-4e79-ab7e-420e182077b2&#8243; header_5_text_color=&#8221;#FFFFFF&#8221; header_5_font_size=&#8221;22px&#8221; header_5_letter_spacing=&#8221;0em&#8221; custom_margin=&#8221;||||false|false&#8221; custom_padding=&#8221;||20px||false|false&#8221; header_5_font_size_tablet=&#8221;35px&#8221; header_5_font_size_phone=&#8221;25px&#8221; header_5_font_size_last_edited=&#8221;on|tablet&#8221; global_colors_info=&#8221;{}&#8221;]<\/p>\n<h5 style=\"text-align: center;\">KONSULENTFORMIDLING<\/h5>\n<p>[\/et_pb_text][et_pb_text _builder_version=&#8221;4.21.0&#8243; _module_preset=&#8221;c2401e2f-7e36-4a9a-8761-3a5b1dff41c6&#8243; text_font=&#8221;|600|||||||&#8221; text_text_color=&#8221;#FFFFFF&#8221; text_font_size=&#8221;14px&#8221; custom_padding=&#8221;||40px||false|false&#8221; global_colors_info=&#8221;{}&#8221; text_text_color__hover_enabled=&#8221;on|hover&#8221; text_text_color__hover=&#8221;RGBA(255,255,255,0)&#8221;]Vores Konsulent- og Leverand\u00f8rformidling er et stadigt voksende forretningsomr\u00e5de. Alt afh\u00e6nger af, at vi p\u00e5 en hurtig og effektiv m\u00e5de kan fremskaffe specialiserede konsulenter indenfor et givent kompetence omr\u00e5de, n\u00e5r tid er en faktor. For at l\u00e6se mere om hvilke komnpetancer vi kan tilbyde igennem vores netv\u00e6rk af konsulenter Klik p\u00e5 boksen for mere information<br \/>\n[\/et_pb_text][et_pb_button button_url=&#8221;\/konsultformedling\/&#8221; button_text=&#8221;Mere information&#8221; button_alignment=&#8221;center&#8221; _builder_version=&#8221;4.21.0&#8243; _module_preset=&#8221;default&#8221; custom_button=&#8221;on&#8221; button_text_size=&#8221;14px&#8221; button_text_color=&#8221;#FFFFFF&#8221; button_bg_color=&#8221;RGBA(255,255,255,0)&#8221; button_border_width=&#8221;1px&#8221; button_border_radius=&#8221;0px&#8221; button_font=&#8221;|600|||||||&#8221; custom_margin=&#8221;auto||||false|false&#8221; custom_css_main_element=&#8221;width:100%;&#8221; global_colors_info=&#8221;{}&#8221; button_bg_color__hover_enabled=&#8221;on|hover&#8221; button_bg_color__hover=&#8221;#000000&#8243; button_bg_enable_color__hover=&#8221;on&#8221;][\/et_pb_button][\/et_pb_column][et_pb_column type=&#8221;1_3&#8243; _builder_version=&#8221;4.21.0&#8243; _module_preset=&#8221;default&#8221; background_color=&#8221;#FFFFFF&#8221; use_background_color_gradient=&#8221;on&#8221; background_color_gradient_stops=&#8221;rgba(99,49,15,0.68) 0%|rgba(99,49,15,0.68) 100%&#8221; background_color_gradient_overlays_image=&#8221;on&#8221; background_image=&#8221;https:\/\/omnistaff.se\/wp-content\/uploads\/2023\/05\/A1F584DA-2689-4499-9B35-BED5020EDBA6_1_105_c.jpeg&#8221; custom_padding=&#8221;50px|20px|60px|20px|false|true&#8221; link_option_url=&#8221;https:\/\/omnistaff.se\/da\/forretningsudvikling\/&#8221; custom_css_main_element=&#8221;display: flex;||flex-direction: column;&#8221; border_width_all=&#8221;1px&#8221; border_color_all=&#8221;#000000&#8243; box_shadow_style=&#8221;preset4&#8243; box_shadow_horizontal=&#8221;0px&#8221; box_shadow_vertical=&#8221;0px&#8221; box_shadow_color=&#8221;#F9F9F9&#8243; global_colors_info=&#8221;{}&#8221; background_color__hover=&#8221;#F9F9F9&#8243; background__hover_enabled=&#8221;on|hover&#8221; box_shadow_spread__hover=&#8221;20px&#8221; box_shadow_spread__hover_enabled=&#8221;on|hover&#8221; background_enable_color__hover=&#8221;on&#8221;][et_pb_text _builder_version=&#8221;4.21.0&#8243; _module_preset=&#8221;dc1d8bce-5649-4e79-ab7e-420e182077b2&#8243; header_5_text_color=&#8221;#FFFFFF&#8221; header_5_font_size=&#8221;22px&#8221; header_5_letter_spacing=&#8221;0em&#8221; custom_margin=&#8221;||||false|false&#8221; custom_padding=&#8221;||20px||false|false&#8221; header_5_font_size_tablet=&#8221;35px&#8221; header_5_font_size_phone=&#8221;25px&#8221; header_5_font_size_last_edited=&#8221;on|phone&#8221; global_colors_info=&#8221;{}&#8221;]<\/p>\n<h5 style=\"text-align: center;\">FORRETNINGSUDVIKLING<\/h5>\n<p>[\/et_pb_text][et_pb_text _builder_version=&#8221;4.21.0&#8243; _module_preset=&#8221;c2401e2f-7e36-4a9a-8761-3a5b1dff41c6&#8243; text_font=&#8221;|600|||||||&#8221; text_text_color=&#8221;#FFFFFF&#8221; text_font_size=&#8221;14px&#8221; custom_padding=&#8221;||40px||false|false&#8221; global_colors_info=&#8221;{}&#8221; text_text_color__hover_enabled=&#8221;on|hover&#8221; text_text_color__hover=&#8221;RGBA(255,255,255,0)&#8221;]Vi bliver ofte spurgt om vi kan bist\u00e5 med forretningsudvikling i samtaler med vores kunder, hvorfor dette forretningsomr\u00e5de ganske naturligt er blevet inkluderet over tid. Vi l\u00f8ser l\u00f8bende opgaver indenfor forskellige grene af omr\u00e5det. For at l\u00e6se mere om vores opgaver, forretningsudvikling og hvordan vores arbejdsmodeller kan se ud. Klik p\u00e5 boksen for mere information<br \/>\n[\/et_pb_text][et_pb_button button_url=&#8221;https:\/\/omnistaff.se\/da\/forretningsudvikling\/&#8221; button_text=&#8221;Mere information&#8221; button_alignment=&#8221;center&#8221; _builder_version=&#8221;4.21.0&#8243; _module_preset=&#8221;default&#8221; custom_button=&#8221;on&#8221; button_text_size=&#8221;14px&#8221; button_text_color=&#8221;#FFFFFF&#8221; button_bg_color=&#8221;RGBA(255,255,255,0)&#8221; button_border_width=&#8221;1px&#8221; button_border_radius=&#8221;0px&#8221; button_font=&#8221;|600|||||||&#8221; custom_margin=&#8221;auto||||false|false&#8221; custom_css_main_element=&#8221;width:100%;&#8221; global_colors_info=&#8221;{}&#8221; button_bg_color__hover_enabled=&#8221;on|hover&#8221; button_bg_color__hover=&#8221;#000000&#8243; button_bg_enable_color__hover=&#8221;on&#8221;][\/et_pb_button][\/et_pb_column][\/et_pb_row][et_pb_row column_structure=&#8221;1_2,1_2&#8243; custom_padding_last_edited=&#8221;on|phone&#8221; disabled_on=&#8221;on|on|off&#8221; _builder_version=&#8221;4.21.0&#8243; _module_preset=&#8221;default&#8221; background_color=&#8221;#FFFFFF&#8221; max_width=&#8221;1600px&#8221; custom_padding=&#8221;40px||40px||true|false&#8221; custom_padding_tablet=&#8221;0px||||false|false&#8221; custom_padding_phone=&#8221;0px||20px||false|false&#8221; border_width_top=&#8221;1px&#8221; border_color_top=&#8221;#000000&#8243; locked=&#8221;off&#8221; global_colors_info=&#8221;{}&#8221;][et_pb_column type=&#8221;1_2&#8243; _builder_version=&#8221;4.20.0&#8243; _module_preset=&#8221;default&#8221; global_colors_info=&#8221;{}&#8221;][et_pb_image src=&#8221;https:\/\/omnistaff.se\/wp-content\/uploads\/2023\/05\/Omnistaff-Logotype-Kompetensmatch-Liggande-SV-2.png&#8221; title_text=&#8221;Omnistaff-Logotype-Kompetensmatch-Liggande-SV-2&#8243; disabled_on=&#8221;on|on|off&#8221; _builder_version=&#8221;4.21.0&#8243; _module_preset=&#8221;default&#8221; width=&#8221;30%&#8221; global_colors_info=&#8221;{}&#8221;][\/et_pb_image][\/et_pb_column][et_pb_column type=&#8221;1_2&#8243; _builder_version=&#8221;4.20.0&#8243; _module_preset=&#8221;default&#8221; global_colors_info=&#8221;{}&#8221;][et_pb_button button_url=&#8221;https:\/\/omnistaff.se\/da\/kontakt-os\/&#8221; button_text=&#8221;KONTAKT OS&#8221; button_alignment=&#8221;right&#8221; disabled_on=&#8221;on|on|off&#8221; _builder_version=&#8221;4.21.0&#8243; _module_preset=&#8221;31b4f027-aaa0-4f2f-ae02-959764e19e4f&#8221; custom_button=&#8221;on&#8221; button_text_size=&#8221;14px&#8221; button_text_color=&#8221;#000000&#8243; button_bg_color=&#8221;#FFFFFF&#8221; button_border_width=&#8221;1px&#8221; button_border_color=&#8221;#000000&#8243; button_border_radius=&#8221;0px&#8221; button_font=&#8221;Ubuntu|700||on|||||&#8221; custom_margin=&#8221;||0px||false|false&#8221; custom_padding=&#8221;16px|24px|16px|24px|true|true&#8221; locked=&#8221;off&#8221; global_colors_info=&#8221;{}&#8221;][\/et_pb_button][\/et_pb_column][\/et_pb_row][\/et_pb_section]<\/p>\n","protected":false},"excerpt":{"rendered":"<p>FOR VORES KUNDERVORES KUNDER:Omnistaff styrker din virksomhed med ekspertise inden for tre forskellige forretningsomr\u00e5der.L\u00e6s mere om dem nedenfor.Rekruttering Konsulentydelser ForretningsudviklingREKRUTTERINGVi finder den kandidat du s\u00f8ger via vores omfattende og n\u00f8je opbyggede netv\u00e6rk af st\u00e6rke kandidater med relevant baggrund fra forskellige branche segmenter. For at l\u00e6se mere om, hvilke kompetencer vi rekrutterer og om vores forskellige [&hellip;]<\/p>\n","protected":false},"author":2,"featured_media":0,"parent":0,"menu_order":0,"comment_status":"closed","ping_status":"closed","template":"","meta":{"_et_pb_use_builder":"on","_et_pb_old_content":"","_et_gb_content_width":"","footnotes":""},"difl_page_category":[],"class_list":["post-2691","page","type-page","status-publish","hentry"],"yoast_head":"<!-- This site is optimized with the Yoast SEO plugin v27.5 - https:\/\/yoast.com\/product\/yoast-seo-wordpress\/ -->\n<title>Til vores kunder | OMNISTAFF<\/title>\n<meta name=\"description\" content=\"Omnistaff styrker din virksomhed med ekspertise inden for tre forskellige forretningsomr\u00e5der: rekruttering, r\u00e5dgivning og forretningsudvikling. Klik her for mere information!\" \/>\n<meta name=\"robots\" content=\"index, follow, max-snippet:-1, max-image-preview:large, max-video-preview:-1\" \/>\n<link rel=\"canonical\" href=\"https:\/\/omnistaff.se\/da\/for-vores-kunder\/\" \/>\n<meta property=\"og:locale\" content=\"da_DK\" \/>\n<meta property=\"og:type\" content=\"article\" \/>\n<meta property=\"og:title\" content=\"Til vores kunder | OMNISTAFF\" \/>\n<meta property=\"og:description\" content=\"Omnistaff styrker din virksomhed med ekspertise inden for tre forskellige forretningsomr\u00e5der: rekruttering, r\u00e5dgivning og forretningsudvikling. Klik her for mere information!\" \/>\n<meta property=\"og:url\" content=\"https:\/\/omnistaff.se\/da\/for-vores-kunder\/\" \/>\n<meta property=\"og:site_name\" content=\"Omnistaff\" \/>\n<meta property=\"article:modified_time\" content=\"2025-03-07T14:39:40+00:00\" \/>\n<meta name=\"twitter:card\" content=\"summary_large_image\" \/>\n<meta name=\"twitter:label1\" content=\"Estimeret l\u00e6setid\" \/>\n\t<meta name=\"twitter:data1\" content=\"10 minutter\" \/>\n<script type=\"application\/ld+json\" class=\"yoast-schema-graph\">{\"@context\":\"https:\\\/\\\/schema.org\",\"@graph\":[{\"@type\":\"WebPage\",\"@id\":\"https:\\\/\\\/omnistaff.se\\\/da\\\/for-vores-kunder\\\/\",\"url\":\"https:\\\/\\\/omnistaff.se\\\/da\\\/for-vores-kunder\\\/\",\"name\":\"Til vores kunder | OMNISTAFF\",\"isPartOf\":{\"@id\":\"https:\\\/\\\/omnistaff.se\\\/#website\"},\"datePublished\":\"2023-05-15T11:26:26+00:00\",\"dateModified\":\"2025-03-07T14:39:40+00:00\",\"description\":\"Omnistaff styrker din virksomhed med ekspertise inden for tre forskellige forretningsomr\u00e5der: rekruttering, r\u00e5dgivning og forretningsudvikling. Klik her for mere information!\",\"breadcrumb\":{\"@id\":\"https:\\\/\\\/omnistaff.se\\\/da\\\/for-vores-kunder\\\/#breadcrumb\"},\"inLanguage\":\"da-DK\",\"potentialAction\":[{\"@type\":\"ReadAction\",\"target\":[\"https:\\\/\\\/omnistaff.se\\\/da\\\/for-vores-kunder\\\/\"]}]},{\"@type\":\"BreadcrumbList\",\"@id\":\"https:\\\/\\\/omnistaff.se\\\/da\\\/for-vores-kunder\\\/#breadcrumb\",\"itemListElement\":[{\"@type\":\"ListItem\",\"position\":1,\"name\":\"Home\",\"item\":\"https:\\\/\\\/omnistaff.se\\\/da\\\/\"},{\"@type\":\"ListItem\",\"position\":2,\"name\":\"For vores kunder\"}]},{\"@type\":\"WebSite\",\"@id\":\"https:\\\/\\\/omnistaff.se\\\/#website\",\"url\":\"https:\\\/\\\/omnistaff.se\\\/\",\"name\":\"Omnistaff\",\"description\":\"\",\"potentialAction\":[{\"@type\":\"SearchAction\",\"target\":{\"@type\":\"EntryPoint\",\"urlTemplate\":\"https:\\\/\\\/omnistaff.se\\\/?s={search_term_string}\"},\"query-input\":{\"@type\":\"PropertyValueSpecification\",\"valueRequired\":true,\"valueName\":\"search_term_string\"}}],\"inLanguage\":\"da-DK\"}]}<\/script>\n<!-- \/ Yoast SEO plugin. -->","yoast_head_json":{"title":"Til vores kunder | OMNISTAFF","description":"Omnistaff styrker din virksomhed med ekspertise inden for tre forskellige forretningsomr\u00e5der: rekruttering, r\u00e5dgivning og forretningsudvikling. Klik her for mere information!","robots":{"index":"index","follow":"follow","max-snippet":"max-snippet:-1","max-image-preview":"max-image-preview:large","max-video-preview":"max-video-preview:-1"},"canonical":"https:\/\/omnistaff.se\/da\/for-vores-kunder\/","og_locale":"da_DK","og_type":"article","og_title":"Til vores kunder | OMNISTAFF","og_description":"Omnistaff styrker din virksomhed med ekspertise inden for tre forskellige forretningsomr\u00e5der: rekruttering, r\u00e5dgivning og forretningsudvikling. Klik her for mere information!","og_url":"https:\/\/omnistaff.se\/da\/for-vores-kunder\/","og_site_name":"Omnistaff","article_modified_time":"2025-03-07T14:39:40+00:00","twitter_card":"summary_large_image","twitter_misc":{"Estimeret l\u00e6setid":"10 minutter"},"schema":{"@context":"https:\/\/schema.org","@graph":[{"@type":"WebPage","@id":"https:\/\/omnistaff.se\/da\/for-vores-kunder\/","url":"https:\/\/omnistaff.se\/da\/for-vores-kunder\/","name":"Til vores kunder | OMNISTAFF","isPartOf":{"@id":"https:\/\/omnistaff.se\/#website"},"datePublished":"2023-05-15T11:26:26+00:00","dateModified":"2025-03-07T14:39:40+00:00","description":"Omnistaff styrker din virksomhed med ekspertise inden for tre forskellige forretningsomr\u00e5der: rekruttering, r\u00e5dgivning og forretningsudvikling. Klik her for mere information!","breadcrumb":{"@id":"https:\/\/omnistaff.se\/da\/for-vores-kunder\/#breadcrumb"},"inLanguage":"da-DK","potentialAction":[{"@type":"ReadAction","target":["https:\/\/omnistaff.se\/da\/for-vores-kunder\/"]}]},{"@type":"BreadcrumbList","@id":"https:\/\/omnistaff.se\/da\/for-vores-kunder\/#breadcrumb","itemListElement":[{"@type":"ListItem","position":1,"name":"Home","item":"https:\/\/omnistaff.se\/da\/"},{"@type":"ListItem","position":2,"name":"For vores kunder"}]},{"@type":"WebSite","@id":"https:\/\/omnistaff.se\/#website","url":"https:\/\/omnistaff.se\/","name":"Omnistaff","description":"","potentialAction":[{"@type":"SearchAction","target":{"@type":"EntryPoint","urlTemplate":"https:\/\/omnistaff.se\/?s={search_term_string}"},"query-input":{"@type":"PropertyValueSpecification","valueRequired":true,"valueName":"search_term_string"}}],"inLanguage":"da-DK"}]}},"_links":{"self":[{"href":"https:\/\/omnistaff.se\/da\/wp-json\/wp\/v2\/pages\/2691","targetHints":{"allow":["GET"]}}],"collection":[{"href":"https:\/\/omnistaff.se\/da\/wp-json\/wp\/v2\/pages"}],"about":[{"href":"https:\/\/omnistaff.se\/da\/wp-json\/wp\/v2\/types\/page"}],"author":[{"embeddable":true,"href":"https:\/\/omnistaff.se\/da\/wp-json\/wp\/v2\/users\/2"}],"replies":[{"embeddable":true,"href":"https:\/\/omnistaff.se\/da\/wp-json\/wp\/v2\/comments?post=2691"}],"version-history":[{"count":9,"href":"https:\/\/omnistaff.se\/da\/wp-json\/wp\/v2\/pages\/2691\/revisions"}],"predecessor-version":[{"id":3827,"href":"https:\/\/omnistaff.se\/da\/wp-json\/wp\/v2\/pages\/2691\/revisions\/3827"}],"wp:attachment":[{"href":"https:\/\/omnistaff.se\/da\/wp-json\/wp\/v2\/media?parent=2691"}],"wp:term":[{"taxonomy":"difl_page_category","embeddable":true,"href":"https:\/\/omnistaff.se\/da\/wp-json\/wp\/v2\/difl_page_category?post=2691"}],"curies":[{"name":"wp","href":"https:\/\/api.w.org\/{rel}","templated":true}]}}