{"id":2679,"date":"2023-05-15T13:27:18","date_gmt":"2023-05-15T11:27:18","guid":{"rendered":"https:\/\/omnistaff.se\/for-vores-konsulenter\/"},"modified":"2025-03-07T15:36:17","modified_gmt":"2025-03-07T14:36:17","slug":"for-vores-konsulenter","status":"publish","type":"page","link":"https:\/\/omnistaff.se\/da\/for-vores-konsulenter\/","title":{"rendered":"For vores konsulenter"},"content":{"rendered":"<p>[et_pb_section fb_built=&#8221;1&#8243; admin_label=&#8221;Header&#8221; _builder_version=&#8221;4.21.0&#8243; _module_preset=&#8221;default&#8221; background_enable_image=&#8221;off&#8221; parallax=&#8221;on&#8221; parallax_method=&#8221;off&#8221; collapsed=&#8221;on&#8221; global_colors_info=&#8221;{}&#8221;][et_pb_row custom_padding_last_edited=&#8221;on|phone&#8221; _builder_version=&#8221;4.21.0&#8243; _module_preset=&#8221;default&#8221; background_color=&#8221;#FFFFFF&#8221; max_width=&#8221;1600px&#8221; custom_padding_tablet=&#8221;&#8221; custom_padding_phone=&#8221;||0px||false|false&#8221; global_colors_info=&#8221;{}&#8221;][et_pb_column type=&#8221;4_4&#8243; _builder_version=&#8221;4.20.0&#8243; _module_preset=&#8221;default&#8221; global_colors_info=&#8221;{}&#8221;][et_pb_text _builder_version=&#8221;4.21.0&#8243; _module_preset=&#8221;d9861dc8-948e-4c52-8021-5cb1fb41f668&#8243; header_font_size=&#8221;50px&#8221; custom_margin=&#8221;||10px||false|false&#8221; header_font_size_phone=&#8221;32px&#8221; global_colors_info=&#8221;{}&#8221;]<\/p>\n<h1 style=\"text-align: center;\">TIL VORES KONSULENTER<\/h1>\n<p>[\/et_pb_text][et_pb_divider color=&#8221;#000000&#8243; divider_style=&#8221;dotted&#8221; _builder_version=&#8221;4.21.0&#8243; _module_preset=&#8221;default&#8221; width=&#8221;50%&#8221; module_alignment=&#8221;center&#8221; custom_margin=&#8221;||0px||false|false&#8221; custom_padding=&#8221;||0px||false|false&#8221; animation_style=&#8221;slide&#8221; locked=&#8221;off&#8221; global_colors_info=&#8221;{}&#8221;][\/et_pb_divider][et_pb_image src=&#8221;https:\/\/omnistaff.se\/wp-content\/uploads\/2023\/06\/IMG_4621.jpeg&#8221; alt=&#8221;Omnistaff-konsulenter&#8221; title_text=&#8221;For vores konsulenter&#8221; align=&#8221;center&#8221; force_fullwidth=&#8221;on&#8221; disabled_on=&#8221;off|off|on&#8221; _builder_version=&#8221;4.21.0&#8243; _module_preset=&#8221;default&#8221; background_color=&#8221;rgba(0,0,0,0.04)&#8221; box_shadow_style=&#8221;preset4&#8243; box_shadow_horizontal=&#8221;0px&#8221; box_shadow_vertical=&#8221;0px&#8221; box_shadow_color=&#8221;rgba(0,0,0,0.05)&#8221; locked=&#8221;off&#8221; global_colors_info=&#8221;{}&#8221; transform_styles__hover_enabled=&#8221;on|hover&#8221; transform_scale__hover=&#8221;90%|90%&#8221; transform_scale__hover_enabled=&#8221;on|hover&#8221; transform_translate__hover_enabled=&#8221;on|desktop&#8221; transform_rotate__hover_enabled=&#8221;on|desktop&#8221; transform_skew__hover_enabled=&#8221;on|desktop&#8221; transform_origin__hover_enabled=&#8221;on|desktop&#8221; box_shadow_spread__hover=&#8221;30px&#8221; box_shadow_spread__hover_enabled=&#8221;on|hover&#8221;][\/et_pb_image][\/et_pb_column][\/et_pb_row][et_pb_row column_structure=&#8221;1_2,1_2&#8243; _builder_version=&#8221;4.21.0&#8243; _module_preset=&#8221;default&#8221; background_color=&#8221;#FFFFFF&#8221; max_width=&#8221;1600px&#8221; global_colors_info=&#8221;{}&#8221;][et_pb_column type=&#8221;1_2&#8243; _builder_version=&#8221;4.21.0&#8243; _module_preset=&#8221;default&#8221; global_colors_info=&#8221;{}&#8221;][et_pb_text _builder_version=&#8221;4.21.0&#8243; _module_preset=&#8221;d9861dc8-948e-4c52-8021-5cb1fb41f668&#8243; header_2_font=&#8221;Cormorant Garamond||||||||&#8221; header_2_text_color=&#8221;#000000&#8243; header_2_line_height=&#8221;1.3em&#8221; custom_margin=&#8221;||10px||false|false&#8221; global_colors_info=&#8221;{}&#8221;]<\/p>\n<h2>KONSTANT UDVIKLING AF VORES NETV\u00c6RK<\/h2>\n<p>[\/et_pb_text][et_pb_text _builder_version=&#8221;4.21.0&#8243; _module_preset=&#8221;f80a08ee-ba62-48d7-8413-4a9aca508aab&#8221; link_font=&#8221;||||on||||&#8221; link_text_color=&#8221;#000000&#8243; global_colors_info=&#8221;{}&#8221;]<\/p>\n<p>Vi arbejder konstant p\u00e5 at udvikle vores netv\u00e6rk af dygtige konsulenter inden for forskellige fagomr\u00e5der. Arbejder du i \u00f8jeblikket som konsulent, eller driver du m\u00e5ske en virksomhed med en specialisering, der passer til de ekspertiseomr\u00e5der, vi tilbyder? S\u00e5 er du meget velkommen til at registrere dig i vores netv\u00e6rk. Ved at registrere dig hos os \u00f8ger du chancerne for, at vi finder din konsulentprofil, n\u00e5r vi leder efter specifikke kompetencer til en kundeopgave. Det er vigtigt, at du har en relevant baggrund eller tilknytning til et af vores industrisegmenter. Det skyldes, at vi bygger vores netv\u00e6rk op omkring brancheerfaring.<\/p>\n<p>F\u00f6r att registrera dig, klicka p\u00e5 l\u00e4nken <a href=\"https:\/\/omnistaff.teamtailor.com\/jobs\/1404796-bli-en-del-av-vart-natverk\/applications\/new\" target=\"_blank\" rel=\"noopener\">G\u00e5 med i v\u00e5rt n\u00e4tverk<\/a> <\/p>\n<p>Hvis du vil vide mere om, hvordan vi behandler dine personlige data, kan du finde oplysninger <a href=\"https:\/\/omnistaff.se\/da\/integritetspolicy\/\" target=\"_blank\" rel=\"noopener\">her<\/a>.<\/p>\n<p>[\/et_pb_text][\/et_pb_column][et_pb_column type=&#8221;1_2&#8243; _builder_version=&#8221;4.21.0&#8243; _module_preset=&#8221;default&#8221; global_colors_info=&#8221;{}&#8221;][et_pb_image src=&#8221;https:\/\/omnistaff.se\/wp-content\/uploads\/2023\/06\/IMG_4621.jpeg&#8221; alt=&#8221;Omnistaff-konsulenter&#8221; title_text=&#8221;For vores konsulenter&#8221; align=&#8221;center&#8221; force_fullwidth=&#8221;on&#8221; disabled_on=&#8221;on|on|off&#8221; _builder_version=&#8221;4.21.0&#8243; _module_preset=&#8221;default&#8221; background_color=&#8221;rgba(0,0,0,0.04)&#8221; box_shadow_style=&#8221;preset4&#8243; box_shadow_horizontal=&#8221;0px&#8221; box_shadow_vertical=&#8221;0px&#8221; box_shadow_color=&#8221;rgba(0,0,0,0.05)&#8221; locked=&#8221;off&#8221; global_colors_info=&#8221;{}&#8221; transform_styles__hover_enabled=&#8221;on|hover&#8221; transform_scale__hover=&#8221;90%|90%&#8221; transform_scale__hover_enabled=&#8221;on|hover&#8221; transform_translate__hover_enabled=&#8221;on|desktop&#8221; transform_rotate__hover_enabled=&#8221;on|desktop&#8221; transform_skew__hover_enabled=&#8221;on|desktop&#8221; transform_origin__hover_enabled=&#8221;on|desktop&#8221; box_shadow_spread__hover=&#8221;30px&#8221; box_shadow_spread__hover_enabled=&#8221;on|hover&#8221;][\/et_pb_image][\/et_pb_column][\/et_pb_row][et_pb_row column_structure=&#8221;1_2,1_2&#8243; custom_padding_last_edited=&#8221;on|phone&#8221; disabled_on=&#8221;off|off|off&#8221; _builder_version=&#8221;4.21.0&#8243; _module_preset=&#8221;default&#8221; background_color=&#8221;#FFFFFF&#8221; max_width=&#8221;1600px&#8221; custom_padding=&#8221;40px||40px||true|false&#8221; custom_padding_tablet=&#8221;0px||||false|false&#8221; custom_padding_phone=&#8221;0px||20px||false|false&#8221; border_width_top=&#8221;1px&#8221; border_color_top=&#8221;#000000&#8243; locked=&#8221;off&#8221; global_colors_info=&#8221;{}&#8221;][et_pb_column type=&#8221;1_2&#8243; _builder_version=&#8221;4.20.0&#8243; _module_preset=&#8221;default&#8221; global_colors_info=&#8221;{}&#8221;][et_pb_image src=&#8221;https:\/\/omnistaff.se\/wp-content\/uploads\/2023\/05\/Omnistaff-Logotype-Kompetensmatch-Liggande-SV-2.png&#8221; title_text=&#8221;Omnistaff-Logotype-Kompetensmatch-Liggande-SV-2&#8243; disabled_on=&#8221;on|on|off&#8221; _builder_version=&#8221;4.21.0&#8243; _module_preset=&#8221;default&#8221; width=&#8221;30%&#8221; global_colors_info=&#8221;{}&#8221;][\/et_pb_image][\/et_pb_column][et_pb_column type=&#8221;1_2&#8243; _builder_version=&#8221;4.20.0&#8243; _module_preset=&#8221;default&#8221; global_colors_info=&#8221;{}&#8221;][et_pb_button button_url=&#8221;https:\/\/omnistaff.se\/da\/kontakt-os\/&#8221; button_text=&#8221;KONTAKT OS&#8221; button_alignment=&#8221;right&#8221; disabled_on=&#8221;off|off|off&#8221; _builder_version=&#8221;4.21.0&#8243; _module_preset=&#8221;31b4f027-aaa0-4f2f-ae02-959764e19e4f&#8221; custom_button=&#8221;on&#8221; button_text_size=&#8221;14px&#8221; button_text_color=&#8221;#000000&#8243; button_bg_color=&#8221;#FFFFFF&#8221; button_border_width=&#8221;1px&#8221; button_border_color=&#8221;#000000&#8243; button_border_radius=&#8221;0px&#8221; button_font=&#8221;Ubuntu|700||on|||||&#8221; custom_margin=&#8221;||0px||false|false&#8221; custom_padding=&#8221;16px|24px|16px|24px|true|true&#8221; locked=&#8221;off&#8221; global_colors_info=&#8221;{}&#8221;][\/et_pb_button][\/et_pb_column][\/et_pb_row][\/et_pb_section]<\/p>\n","protected":false},"excerpt":{"rendered":"<p>TIL VORES KONSULENTERKONSTANT UDVIKLING AF VORES NETV\u00c6RKVi arbejder konstant p\u00e5 at udvikle vores netv\u00e6rk af dygtige konsulenter inden for forskellige fagomr\u00e5der. Arbejder du i \u00f8jeblikket som konsulent, eller driver du m\u00e5ske en virksomhed med en specialisering, der passer til de ekspertiseomr\u00e5der, vi tilbyder? S\u00e5 er du meget velkommen til at registrere dig i vores netv\u00e6rk. [&hellip;]<\/p>\n","protected":false},"author":2,"featured_media":0,"parent":0,"menu_order":0,"comment_status":"closed","ping_status":"closed","template":"","meta":{"_et_pb_use_builder":"on","_et_pb_old_content":"","_et_gb_content_width":"","footnotes":""},"difl_page_category":[],"class_list":["post-2679","page","type-page","status-publish","hentry"],"yoast_head":"<!-- This site is optimized with the Yoast SEO plugin v27.5 - https:\/\/yoast.com\/product\/yoast-seo-wordpress\/ -->\n<title>Til vores konsulenter | OMNISTAFF<\/title>\n<meta name=\"description\" content=\"Ved at registrere dig hos os \u00f8ger du chancerne for, at vi finder din konsulentprofil, n\u00e5r vi leder efter specifikke kompetencer til en kundeopgave.\" \/>\n<meta name=\"robots\" content=\"index, follow, max-snippet:-1, max-image-preview:large, max-video-preview:-1\" \/>\n<link rel=\"canonical\" href=\"https:\/\/omnistaff.se\/da\/for-vores-konsulenter\/\" \/>\n<meta property=\"og:locale\" content=\"da_DK\" \/>\n<meta property=\"og:type\" content=\"article\" \/>\n<meta property=\"og:title\" content=\"Til vores konsulenter | OMNISTAFF\" \/>\n<meta property=\"og:description\" content=\"Ved at registrere dig hos os \u00f8ger du chancerne for, at vi finder din konsulentprofil, n\u00e5r vi leder efter specifikke kompetencer til en kundeopgave.\" \/>\n<meta property=\"og:url\" content=\"https:\/\/omnistaff.se\/da\/for-vores-konsulenter\/\" \/>\n<meta property=\"og:site_name\" content=\"Omnistaff\" \/>\n<meta property=\"article:modified_time\" content=\"2025-03-07T14:36:17+00:00\" \/>\n<meta name=\"twitter:card\" content=\"summary_large_image\" \/>\n<meta name=\"twitter:label1\" content=\"Estimeret l\u00e6setid\" \/>\n\t<meta name=\"twitter:data1\" content=\"4 minutter\" \/>\n<script type=\"application\/ld+json\" class=\"yoast-schema-graph\">{\"@context\":\"https:\\\/\\\/schema.org\",\"@graph\":[{\"@type\":\"WebPage\",\"@id\":\"https:\\\/\\\/omnistaff.se\\\/da\\\/for-vores-konsulenter\\\/\",\"url\":\"https:\\\/\\\/omnistaff.se\\\/da\\\/for-vores-konsulenter\\\/\",\"name\":\"Til vores konsulenter | OMNISTAFF\",\"isPartOf\":{\"@id\":\"https:\\\/\\\/omnistaff.se\\\/#website\"},\"datePublished\":\"2023-05-15T11:27:18+00:00\",\"dateModified\":\"2025-03-07T14:36:17+00:00\",\"description\":\"Ved at registrere dig hos os \u00f8ger du chancerne for, at vi finder din konsulentprofil, n\u00e5r vi leder efter specifikke kompetencer til en kundeopgave.\",\"breadcrumb\":{\"@id\":\"https:\\\/\\\/omnistaff.se\\\/da\\\/for-vores-konsulenter\\\/#breadcrumb\"},\"inLanguage\":\"da-DK\",\"potentialAction\":[{\"@type\":\"ReadAction\",\"target\":[\"https:\\\/\\\/omnistaff.se\\\/da\\\/for-vores-konsulenter\\\/\"]}]},{\"@type\":\"BreadcrumbList\",\"@id\":\"https:\\\/\\\/omnistaff.se\\\/da\\\/for-vores-konsulenter\\\/#breadcrumb\",\"itemListElement\":[{\"@type\":\"ListItem\",\"position\":1,\"name\":\"Home\",\"item\":\"https:\\\/\\\/omnistaff.se\\\/da\\\/\"},{\"@type\":\"ListItem\",\"position\":2,\"name\":\"For vores konsulenter\"}]},{\"@type\":\"WebSite\",\"@id\":\"https:\\\/\\\/omnistaff.se\\\/#website\",\"url\":\"https:\\\/\\\/omnistaff.se\\\/\",\"name\":\"Omnistaff\",\"description\":\"\",\"potentialAction\":[{\"@type\":\"SearchAction\",\"target\":{\"@type\":\"EntryPoint\",\"urlTemplate\":\"https:\\\/\\\/omnistaff.se\\\/?s={search_term_string}\"},\"query-input\":{\"@type\":\"PropertyValueSpecification\",\"valueRequired\":true,\"valueName\":\"search_term_string\"}}],\"inLanguage\":\"da-DK\"}]}<\/script>\n<!-- \/ Yoast SEO plugin. -->","yoast_head_json":{"title":"Til vores konsulenter | OMNISTAFF","description":"Ved at registrere dig hos os \u00f8ger du chancerne for, at vi finder din konsulentprofil, n\u00e5r vi leder efter specifikke kompetencer til en kundeopgave.","robots":{"index":"index","follow":"follow","max-snippet":"max-snippet:-1","max-image-preview":"max-image-preview:large","max-video-preview":"max-video-preview:-1"},"canonical":"https:\/\/omnistaff.se\/da\/for-vores-konsulenter\/","og_locale":"da_DK","og_type":"article","og_title":"Til vores konsulenter | OMNISTAFF","og_description":"Ved at registrere dig hos os \u00f8ger du chancerne for, at vi finder din konsulentprofil, n\u00e5r vi leder efter specifikke kompetencer til en kundeopgave.","og_url":"https:\/\/omnistaff.se\/da\/for-vores-konsulenter\/","og_site_name":"Omnistaff","article_modified_time":"2025-03-07T14:36:17+00:00","twitter_card":"summary_large_image","twitter_misc":{"Estimeret l\u00e6setid":"4 minutter"},"schema":{"@context":"https:\/\/schema.org","@graph":[{"@type":"WebPage","@id":"https:\/\/omnistaff.se\/da\/for-vores-konsulenter\/","url":"https:\/\/omnistaff.se\/da\/for-vores-konsulenter\/","name":"Til vores konsulenter | OMNISTAFF","isPartOf":{"@id":"https:\/\/omnistaff.se\/#website"},"datePublished":"2023-05-15T11:27:18+00:00","dateModified":"2025-03-07T14:36:17+00:00","description":"Ved at registrere dig hos os \u00f8ger du chancerne for, at vi finder din konsulentprofil, n\u00e5r vi leder efter specifikke kompetencer til en kundeopgave.","breadcrumb":{"@id":"https:\/\/omnistaff.se\/da\/for-vores-konsulenter\/#breadcrumb"},"inLanguage":"da-DK","potentialAction":[{"@type":"ReadAction","target":["https:\/\/omnistaff.se\/da\/for-vores-konsulenter\/"]}]},{"@type":"BreadcrumbList","@id":"https:\/\/omnistaff.se\/da\/for-vores-konsulenter\/#breadcrumb","itemListElement":[{"@type":"ListItem","position":1,"name":"Home","item":"https:\/\/omnistaff.se\/da\/"},{"@type":"ListItem","position":2,"name":"For vores konsulenter"}]},{"@type":"WebSite","@id":"https:\/\/omnistaff.se\/#website","url":"https:\/\/omnistaff.se\/","name":"Omnistaff","description":"","potentialAction":[{"@type":"SearchAction","target":{"@type":"EntryPoint","urlTemplate":"https:\/\/omnistaff.se\/?s={search_term_string}"},"query-input":{"@type":"PropertyValueSpecification","valueRequired":true,"valueName":"search_term_string"}}],"inLanguage":"da-DK"}]}},"_links":{"self":[{"href":"https:\/\/omnistaff.se\/da\/wp-json\/wp\/v2\/pages\/2679","targetHints":{"allow":["GET"]}}],"collection":[{"href":"https:\/\/omnistaff.se\/da\/wp-json\/wp\/v2\/pages"}],"about":[{"href":"https:\/\/omnistaff.se\/da\/wp-json\/wp\/v2\/types\/page"}],"author":[{"embeddable":true,"href":"https:\/\/omnistaff.se\/da\/wp-json\/wp\/v2\/users\/2"}],"replies":[{"embeddable":true,"href":"https:\/\/omnistaff.se\/da\/wp-json\/wp\/v2\/comments?post=2679"}],"version-history":[{"count":9,"href":"https:\/\/omnistaff.se\/da\/wp-json\/wp\/v2\/pages\/2679\/revisions"}],"predecessor-version":[{"id":3812,"href":"https:\/\/omnistaff.se\/da\/wp-json\/wp\/v2\/pages\/2679\/revisions\/3812"}],"wp:attachment":[{"href":"https:\/\/omnistaff.se\/da\/wp-json\/wp\/v2\/media?parent=2679"}],"wp:term":[{"taxonomy":"difl_page_category","embeddable":true,"href":"https:\/\/omnistaff.se\/da\/wp-json\/wp\/v2\/difl_page_category?post=2679"}],"curies":[{"name":"wp","href":"https:\/\/api.w.org\/{rel}","templated":true}]}}